{"id":956,"date":"2025-11-13T05:11:28","date_gmt":"2025-11-13T05:11:28","guid":{"rendered":"https:\/\/beautifulhairmckinney.com\/?page_id=956"},"modified":"2025-12-10T12:48:52","modified_gmt":"2025-12-10T12:48:52","slug":"tyler-candle-company","status":"publish","type":"page","link":"https:\/\/beautifulhairmckinney.com\/es\/tyler-candle-company\/","title":{"rendered":"Compa\u00f1\u00eda de Velas Tyler"},"content":{"rendered":"<div data-elementor-type=\"wp-page\" data-elementor-id=\"956\" class=\"elementor elementor-956\" data-elementor-post-type=\"page\">\n\t\t\t\t<div class=\"elementor-element elementor-element-416e04d e-flex e-con-boxed e-con e-parent\" data-id=\"416e04d\" data-element_type=\"container\" data-settings=\"{&quot;background_background&quot;:&quot;classic&quot;}\">\n\t\t\t\t\t<div class=\"e-con-inner\">\n\t\t<div class=\"elementor-element elementor-element-f1f826b e-con-full e-flex e-con e-child\" data-id=\"f1f826b\" data-element_type=\"container\">\n\t\t\t\t<div class=\"elementor-element elementor-element-9e53245 elementor-invisible elementor-widget elementor-widget-heading\" data-id=\"9e53245\" data-element_type=\"widget\" data-settings=\"{&quot;_animation&quot;:&quot;fadeInUp&quot;,&quot;_animation_delay&quot;:100}\" data-widget_type=\"heading.default\">\n\t\t\t\t\t<h1 class=\"elementor-heading-title elementor-size-default\">Compa\u00f1\u00eda de Velas Tyler<\/h1>\t\t\t\t<\/div>\n\t\t\t\t<\/div>\n\t\t\t\t\t<\/div>\n\t\t\t\t<\/div>\n\t\t<div class=\"elementor-element elementor-element-ab7c722 e-flex e-con-boxed e-con e-parent\" data-id=\"ab7c722\" data-element_type=\"container\">\n\t\t\t\t\t<div class=\"e-con-inner\">\n\t\t<div class=\"elementor-element elementor-element-31977fb e-con-full e-flex e-con e-child\" data-id=\"31977fb\" data-element_type=\"container\" data-settings=\"{&quot;background_background&quot;:&quot;classic&quot;}\">\n\t\t\t\t<div class=\"elementor-element elementor-element-743d3c4 elementor-hidden-desktop elementor-hidden-tablet elementor-widget elementor-widget-image\" data-id=\"743d3c4\" data-element_type=\"widget\" data-widget_type=\"image.default\">\n\t\t\t\t\t\t\t\t\t\t\t\t\t\t\t<img fetchpriority=\"high\" decoding=\"async\" width=\"1200\" height=\"1200\" src=\"https:\/\/beautifulhairmckinney.com\/wp-content\/uploads\/2025\/11\/Tyler-Candle.webp\" class=\"attachment-full size-full wp-image-1000\" alt=\"Tyler candles McKinney TX\" srcset=\"https:\/\/beautifulhairmckinney.com\/wp-content\/uploads\/2025\/11\/Tyler-Candle.webp 1200w, https:\/\/beautifulhairmckinney.com\/wp-content\/uploads\/2025\/11\/Tyler-Candle-300x300.webp 300w, https:\/\/beautifulhairmckinney.com\/wp-content\/uploads\/2025\/11\/Tyler-Candle-1024x1024.webp 1024w, https:\/\/beautifulhairmckinney.com\/wp-content\/uploads\/2025\/11\/Tyler-Candle-150x150.webp 150w, https:\/\/beautifulhairmckinney.com\/wp-content\/uploads\/2025\/11\/Tyler-Candle-768x768.webp 768w, https:\/\/beautifulhairmckinney.com\/wp-content\/uploads\/2025\/11\/Tyler-Candle-12x12.webp 12w\" sizes=\"(max-width: 1200px) 100vw, 1200px\" \/>\t\t\t\t\t\t\t\t\t\t\t\t\t\t\t<\/div>\n\t\t\t\t<div class=\"elementor-element elementor-element-460ec1c elementor-headline--style-highlight elementor-widget elementor-widget-animated-headline\" data-id=\"460ec1c\" data-element_type=\"widget\" data-settings=\"{&quot;highlighted_text&quot;:&quot;Fragrance&quot;,&quot;headline_style&quot;:&quot;highlight&quot;,&quot;marker&quot;:&quot;circle&quot;,&quot;loop&quot;:&quot;yes&quot;,&quot;highlight_animation_duration&quot;:1200,&quot;highlight_iteration_delay&quot;:8000}\" data-widget_type=\"animated-headline.default\">\n\t\t\t\t\t\t\t<h2 class=\"elementor-headline\">\n\t\t\t\t\t<span class=\"elementor-headline-plain-text elementor-headline-text-wrapper\">Mejora tu espacio con lujosas <\/span>\n\t\t\t\t<span class=\"elementor-headline-dynamic-wrapper elementor-headline-text-wrapper\">\n\t\t\t\t\t<span class=\"elementor-headline-dynamic-text elementor-headline-text-active\">Fragancia<\/span>\n\t\t\t\t<\/span>\n\t\t\t\t<\/h2>\n\t\t\t\t\t\t<\/div>\n\t\t\t\t<div class=\"elementor-element elementor-element-9b64ce9 elementor-widget__width-initial elementor-widget elementor-widget-text-editor\" data-id=\"9b64ce9\" data-element_type=\"widget\" data-widget_type=\"text-editor.default\">\n\t\t\t\t\t\t\t\t\t<p class=\"translation-block\"><span style=\"font-weight: 400\">Descubra los irresistibles aromas de <\/span><b>Tyler Candle Company<\/b><span style=\"font-weight: 400\">, ahora disponibles en <\/span><i><span style=\"font-weight: 400\">Beautiful Hair McKinney<\/span><\/i><span style=\"font-weight: 400\">. Con m\u00e1s de <\/span><b>70 fragancias cautivadoras<\/b><span style=\"font-weight: 400\">, hay un aroma perfecto para cada estado de \u00e1nimo y momento, desde frescos y florales hasta c\u00e1lidos y acogedores.<\/p><p class=\"translation-block\"><span style=\"font-weight: 400\">\u00bfNunca has probado los productos Tyler Candle? P\u00e1sate por el sal\u00f3n para conseguir una <\/span><b>muestra gratuita<\/b><span style=\"font-weight: 400\"> y comprueba t\u00fa mismo la diferencia.<\/p><p><span style=\"font-weight: 400;\">Ya sea que est\u00e9s comprando para tu hogar, buscando un regalo especial o queriendo darte un peque\u00f1o capricho, nuestro equipo estar\u00e1 encantado de ayudarte a encontrar tu nueva fragancia favorita.<\/span><\/p>\t\t\t\t\t\t\t\t<\/div>\n\t\t\t\t<div class=\"elementor-element elementor-element-bda731f elementor-widget elementor-widget-heading\" data-id=\"bda731f\" data-element_type=\"widget\" data-widget_type=\"heading.default\">\n\t\t\t\t\t<div class=\"elementor-heading-title elementor-size-default\"><a href=\"tel:(214)%20417-3296\">\ud83d\udcde \u00a1Ll\u00e1menos o env\u00edenos un mensaje de texto hoy mismo para hacer su pedido de velas Tyler Candle!<\/a><\/div>\t\t\t\t<\/div>\n\t\t\t\t<\/div>\n\t\t\t\t\t<\/div>\n\t\t\t\t<\/div>\n\t\t<div class=\"elementor-element elementor-element-ef0cc7d e-con-full e-flex e-con e-parent\" data-id=\"ef0cc7d\" data-element_type=\"container\">\n\t\t\t\t<div class=\"elementor-element elementor-element-f77a91b elementor-widget elementor-widget-gallery\" data-id=\"f77a91b\" data-element_type=\"widget\" data-settings=\"{&quot;aspect_ratio&quot;:&quot;4:3&quot;,&quot;columns_mobile&quot;:2,&quot;lazyload&quot;:&quot;yes&quot;,&quot;gallery_layout&quot;:&quot;grid&quot;,&quot;columns&quot;:4,&quot;columns_tablet&quot;:2,&quot;gap&quot;:{&quot;unit&quot;:&quot;px&quot;,&quot;size&quot;:10,&quot;sizes&quot;:[]},&quot;gap_tablet&quot;:{&quot;unit&quot;:&quot;px&quot;,&quot;size&quot;:10,&quot;sizes&quot;:[]},&quot;gap_mobile&quot;:{&quot;unit&quot;:&quot;px&quot;,&quot;size&quot;:10,&quot;sizes&quot;:[]},&quot;link_to&quot;:&quot;file&quot;,&quot;overlay_background&quot;:&quot;yes&quot;,&quot;content_hover_animation&quot;:&quot;fade-in&quot;}\" data-widget_type=\"gallery.default\">\n\t\t\t\t\t\t\t<div class=\"elementor-gallery__container\">\n\t\t\t\t\t\t\t<a class=\"e-gallery-item elementor-gallery-item elementor-animated-content\" href=\"https:\/\/beautifulhairmckinney.com\/wp-content\/uploads\/2025\/11\/imgi_6_.jpg\" data-elementor-open-lightbox=\"yes\" data-elementor-lightbox-slideshow=\"f77a91b\" data-elementor-lightbox-title=\"imgi_6_\" data-e-action-hash=\"#elementor-action%3Aaction%3Dlightbox%26settings%3DeyJpZCI6MTAyOSwidXJsIjoiaHR0cHM6XC9cL2JlYXV0aWZ1bGhhaXJtY2tpbm5leS5jb21cL3dwLWNvbnRlbnRcL3VwbG9hZHNcLzIwMjVcLzExXC9pbWdpXzZfLmpwZyIsInNsaWRlc2hvdyI6ImY3N2E5MWIifQ%3D%3D\">\n\t\t\t\t\t<div class=\"e-gallery-image elementor-gallery-item__image\" data-thumbnail=\"https:\/\/beautifulhairmckinney.com\/wp-content\/uploads\/2025\/11\/imgi_6_.jpg\" data-width=\"400\" data-height=\"369\" aria-label=\"Luxury scented candles McKinney\" role=\"img\" ><\/div>\n\t\t\t\t\t\t\t\t\t\t\t<div class=\"elementor-gallery-item__overlay\"><\/div>\n\t\t\t\t\t\t\t\t\t\t\t\t\t\t<\/a>\n\t\t\t\t\t\t\t<a class=\"e-gallery-item elementor-gallery-item elementor-animated-content\" href=\"https:\/\/beautifulhairmckinney.com\/wp-content\/uploads\/2025\/11\/imgi_7_.jpg\" data-elementor-open-lightbox=\"yes\" data-elementor-lightbox-slideshow=\"f77a91b\" data-elementor-lightbox-title=\"imgi_7_\" data-e-action-hash=\"#elementor-action%3Aaction%3Dlightbox%26settings%3DeyJpZCI6MTAzMCwidXJsIjoiaHR0cHM6XC9cL2JlYXV0aWZ1bGhhaXJtY2tpbm5leS5jb21cL3dwLWNvbnRlbnRcL3VwbG9hZHNcLzIwMjVcLzExXC9pbWdpXzdfLmpwZyIsInNsaWRlc2hvdyI6ImY3N2E5MWIifQ%3D%3D\">\n\t\t\t\t\t<div class=\"e-gallery-image elementor-gallery-item__image\" data-thumbnail=\"https:\/\/beautifulhairmckinney.com\/wp-content\/uploads\/2025\/11\/imgi_7_.jpg\" data-width=\"575\" data-height=\"353\" aria-label=\"Tyler Candle distributor McKinney\" role=\"img\" ><\/div>\n\t\t\t\t\t\t\t\t\t\t\t<div class=\"elementor-gallery-item__overlay\"><\/div>\n\t\t\t\t\t\t\t\t\t\t\t\t\t\t<\/a>\n\t\t\t\t\t\t\t<a class=\"e-gallery-item elementor-gallery-item elementor-animated-content\" href=\"https:\/\/beautifulhairmckinney.com\/wp-content\/uploads\/2025\/11\/imgi_9_.jpg\" data-elementor-open-lightbox=\"yes\" data-elementor-lightbox-slideshow=\"f77a91b\" data-elementor-lightbox-title=\"imgi_9_\" data-e-action-hash=\"#elementor-action%3Aaction%3Dlightbox%26settings%3DeyJpZCI6MTAzMSwidXJsIjoiaHR0cHM6XC9cL2JlYXV0aWZ1bGhhaXJtY2tpbm5leS5jb21cL3dwLWNvbnRlbnRcL3VwbG9hZHNcLzIwMjVcLzExXC9pbWdpXzlfLmpwZyIsInNsaWRlc2hvdyI6ImY3N2E5MWIifQ%3D%3D\">\n\t\t\t\t\t<div class=\"e-gallery-image elementor-gallery-item__image\" data-thumbnail=\"https:\/\/beautifulhairmckinney.com\/wp-content\/uploads\/2025\/11\/imgi_9_.jpg\" data-width=\"313\" data-height=\"614\" aria-label=\"Best fragrances McKinney TX\" role=\"img\" ><\/div>\n\t\t\t\t\t\t\t\t\t\t\t<div class=\"elementor-gallery-item__overlay\"><\/div>\n\t\t\t\t\t\t\t\t\t\t\t\t\t\t<\/a>\n\t\t\t\t\t\t\t<a class=\"e-gallery-item elementor-gallery-item elementor-animated-content\" href=\"https:\/\/beautifulhairmckinney.com\/wp-content\/uploads\/2025\/11\/imgi_10_.jpg\" data-elementor-open-lightbox=\"yes\" data-elementor-lightbox-slideshow=\"f77a91b\" data-elementor-lightbox-title=\"imgi_10_\" data-e-action-hash=\"#elementor-action%3Aaction%3Dlightbox%26settings%3DeyJpZCI6MTAzMiwidXJsIjoiaHR0cHM6XC9cL2JlYXV0aWZ1bGhhaXJtY2tpbm5leS5jb21cL3dwLWNvbnRlbnRcL3VwbG9hZHNcLzIwMjVcLzExXC9pbWdpXzEwXy5qcGciLCJzbGlkZXNob3ciOiJmNzdhOTFiIn0%3D\">\n\t\t\t\t\t<div class=\"e-gallery-image elementor-gallery-item__image\" data-thumbnail=\"https:\/\/beautifulhairmckinney.com\/wp-content\/uploads\/2025\/11\/imgi_10_.jpg\" data-width=\"600\" data-height=\"503\" aria-label=\"Tyler Candle Company retailer\" role=\"img\" ><\/div>\n\t\t\t\t\t\t\t\t\t\t\t<div class=\"elementor-gallery-item__overlay\"><\/div>\n\t\t\t\t\t\t\t\t\t\t\t\t\t\t<\/a>\n\t\t\t\t\t\t\t<a class=\"e-gallery-item elementor-gallery-item elementor-animated-content\" href=\"https:\/\/beautifulhairmckinney.com\/wp-content\/uploads\/2025\/11\/imgi_11_.jpg\" data-elementor-open-lightbox=\"yes\" data-elementor-lightbox-slideshow=\"f77a91b\" data-elementor-lightbox-title=\"imgi_11_\" data-e-action-hash=\"#elementor-action%3Aaction%3Dlightbox%26settings%3DeyJpZCI6MTAzMywidXJsIjoiaHR0cHM6XC9cL2JlYXV0aWZ1bGhhaXJtY2tpbm5leS5jb21cL3dwLWNvbnRlbnRcL3VwbG9hZHNcLzIwMjVcLzExXC9pbWdpXzExXy5qcGciLCJzbGlkZXNob3ciOiJmNzdhOTFiIn0%3D\">\n\t\t\t\t\t<div class=\"e-gallery-image elementor-gallery-item__image\" data-thumbnail=\"https:\/\/beautifulhairmckinney.com\/wp-content\/uploads\/2025\/11\/imgi_11_.jpg\" data-width=\"476\" data-height=\"600\" aria-label=\"Salon boutique candles McKinney\" role=\"img\" ><\/div>\n\t\t\t\t\t\t\t\t\t\t\t<div class=\"elementor-gallery-item__overlay\"><\/div>\n\t\t\t\t\t\t\t\t\t\t\t\t\t\t<\/a>\n\t\t\t\t\t\t\t<a class=\"e-gallery-item elementor-gallery-item elementor-animated-content\" href=\"https:\/\/beautifulhairmckinney.com\/wp-content\/uploads\/2025\/11\/imgi_12_.jpg\" data-elementor-open-lightbox=\"yes\" data-elementor-lightbox-slideshow=\"f77a91b\" data-elementor-lightbox-title=\"imgi_12_\" data-e-action-hash=\"#elementor-action%3Aaction%3Dlightbox%26settings%3DeyJpZCI6MTAzNCwidXJsIjoiaHR0cHM6XC9cL2JlYXV0aWZ1bGhhaXJtY2tpbm5leS5jb21cL3dwLWNvbnRlbnRcL3VwbG9hZHNcLzIwMjVcLzExXC9pbWdpXzEyXy5qcGciLCJzbGlkZXNob3ciOiJmNzdhOTFiIn0%3D\">\n\t\t\t\t\t<div class=\"e-gallery-image elementor-gallery-item__image\" data-thumbnail=\"https:\/\/beautifulhairmckinney.com\/wp-content\/uploads\/2025\/11\/imgi_12_.jpg\" data-width=\"600\" data-height=\"600\" aria-label=\"Beautiful Hair McKinney boutique\" role=\"img\" ><\/div>\n\t\t\t\t\t\t\t\t\t\t\t<div class=\"elementor-gallery-item__overlay\"><\/div>\n\t\t\t\t\t\t\t\t\t\t\t\t\t\t<\/a>\n\t\t\t\t\t\t\t<a class=\"e-gallery-item elementor-gallery-item elementor-animated-content\" href=\"https:\/\/beautifulhairmckinney.com\/wp-content\/uploads\/2025\/11\/imgi_13_.jpg\" data-elementor-open-lightbox=\"yes\" data-elementor-lightbox-slideshow=\"f77a91b\" data-elementor-lightbox-title=\"imgi_13_\" data-e-action-hash=\"#elementor-action%3Aaction%3Dlightbox%26settings%3DeyJpZCI6MTAzNSwidXJsIjoiaHR0cHM6XC9cL2JlYXV0aWZ1bGhhaXJtY2tpbm5leS5jb21cL3dwLWNvbnRlbnRcL3VwbG9hZHNcLzIwMjVcLzExXC9pbWdpXzEzXy5qcGciLCJzbGlkZXNob3ciOiJmNzdhOTFiIn0%3D\">\n\t\t\t\t\t<div class=\"e-gallery-image elementor-gallery-item__image\" data-thumbnail=\"https:\/\/beautifulhairmckinney.com\/wp-content\/uploads\/2025\/11\/imgi_13_.jpg\" data-width=\"358\" data-height=\"640\" aria-label=\"McKinney beauty &amp; fragrance\" role=\"img\" ><\/div>\n\t\t\t\t\t\t\t\t\t\t\t<div class=\"elementor-gallery-item__overlay\"><\/div>\n\t\t\t\t\t\t\t\t\t\t\t\t\t\t<\/a>\n\t\t\t\t\t\t\t<a class=\"e-gallery-item elementor-gallery-item elementor-animated-content\" href=\"https:\/\/beautifulhairmckinney.com\/wp-content\/uploads\/2025\/11\/imgi_14_.jpg\" data-elementor-open-lightbox=\"yes\" data-elementor-lightbox-slideshow=\"f77a91b\" data-elementor-lightbox-title=\"imgi_14_\" data-e-action-hash=\"#elementor-action%3Aaction%3Dlightbox%26settings%3DeyJpZCI6MTAzNiwidXJsIjoiaHR0cHM6XC9cL2JlYXV0aWZ1bGhhaXJtY2tpbm5leS5jb21cL3dwLWNvbnRlbnRcL3VwbG9hZHNcLzIwMjVcLzExXC9pbWdpXzE0Xy5qcGciLCJzbGlkZXNob3ciOiJmNzdhOTFiIn0%3D\">\n\t\t\t\t\t<div class=\"e-gallery-image elementor-gallery-item__image\" data-thumbnail=\"https:\/\/beautifulhairmckinney.com\/wp-content\/uploads\/2025\/11\/imgi_14_.jpg\" data-width=\"476\" data-height=\"600\" aria-label=\"McKinney salon products\" role=\"img\" ><\/div>\n\t\t\t\t\t\t\t\t\t\t\t<div class=\"elementor-gallery-item__overlay\"><\/div>\n\t\t\t\t\t\t\t\t\t\t\t\t\t\t<\/a>\n\t\t\t\t\t<\/div>\n\t\t\t\t\t<\/div>\n\t\t\t\t<\/div>\n\t\t\t\t<\/div>","protected":false},"excerpt":{"rendered":"<p>Tyler Candle Company Elevate Your Space with Luxurious Fragrance Discover the irresistible scents of Tyler Candle Company, now available at Beautiful Hair McKinney. With over 70 captivating fragrances, there\u2019s a perfect scent for every mood and moment \u2014 from fresh and floral to warm and cozy. Never tried Tyler Candle products before? Stop by the [&hellip;]<\/p>","protected":false},"author":1,"featured_media":1147,"parent":0,"menu_order":0,"comment_status":"closed","ping_status":"closed","template":"","meta":{"footnotes":""},"class_list":["post-956","page","type-page","status-publish","has-post-thumbnail","hentry"],"_links":{"self":[{"href":"https:\/\/beautifulhairmckinney.com\/es\/wp-json\/wp\/v2\/pages\/956","targetHints":{"allow":["GET"]}}],"collection":[{"href":"https:\/\/beautifulhairmckinney.com\/es\/wp-json\/wp\/v2\/pages"}],"about":[{"href":"https:\/\/beautifulhairmckinney.com\/es\/wp-json\/wp\/v2\/types\/page"}],"author":[{"embeddable":true,"href":"https:\/\/beautifulhairmckinney.com\/es\/wp-json\/wp\/v2\/users\/1"}],"replies":[{"embeddable":true,"href":"https:\/\/beautifulhairmckinney.com\/es\/wp-json\/wp\/v2\/comments?post=956"}],"version-history":[{"count":0,"href":"https:\/\/beautifulhairmckinney.com\/es\/wp-json\/wp\/v2\/pages\/956\/revisions"}],"wp:featuredmedia":[{"embeddable":true,"href":"https:\/\/beautifulhairmckinney.com\/es\/wp-json\/wp\/v2\/media\/1147"}],"wp:attachment":[{"href":"https:\/\/beautifulhairmckinney.com\/es\/wp-json\/wp\/v2\/media?parent=956"}],"curies":[{"name":"wp","href":"https:\/\/api.w.org\/{rel}","templated":true}]}}