{"id":785,"date":"2025-11-11T14:56:52","date_gmt":"2025-11-11T14:56:52","guid":{"rendered":"https:\/\/beautifulhairmckinney.com\/?page_id=785"},"modified":"2026-01-08T19:53:21","modified_gmt":"2026-01-08T19:53:21","slug":"testimonials","status":"publish","type":"page","link":"https:\/\/beautifulhairmckinney.com\/es\/testimonials\/","title":{"rendered":"Testimonios"},"content":{"rendered":"<div data-elementor-type=\"wp-page\" data-elementor-id=\"785\" class=\"elementor elementor-785\" data-elementor-post-type=\"page\">\n\t\t\t\t<div class=\"elementor-element elementor-element-c886d64 e-flex e-con-boxed e-con e-parent\" data-id=\"c886d64\" data-element_type=\"container\" data-settings=\"{&quot;background_background&quot;:&quot;classic&quot;}\">\n\t\t\t\t\t<div class=\"e-con-inner\">\n\t\t<div class=\"elementor-element elementor-element-0d9ee34 e-con-full e-flex e-con e-child\" data-id=\"0d9ee34\" data-element_type=\"container\">\n\t\t\t\t<div class=\"elementor-element elementor-element-6521a34 elementor-invisible elementor-widget elementor-widget-heading\" data-id=\"6521a34\" data-element_type=\"widget\" data-settings=\"{&quot;_animation&quot;:&quot;fadeInUp&quot;,&quot;_animation_delay&quot;:100}\" data-widget_type=\"heading.default\">\n\t\t\t\t\t<h2 class=\"elementor-heading-title elementor-size-default\">Testimonios\n<\/h2>\t\t\t\t<\/div>\n\t\t\t\t<\/div>\n\t\t\t\t\t<\/div>\n\t\t\t\t<\/div>\n\t\t<div class=\"elementor-element elementor-element-8c42145 e-flex e-con-boxed e-con e-parent\" data-id=\"8c42145\" data-element_type=\"container\" data-settings=\"{&quot;background_background&quot;:&quot;classic&quot;}\">\n\t\t\t\t\t<div class=\"e-con-inner\">\n\t\t<div class=\"elementor-element elementor-element-d3a59ba e-con-full e-flex e-con e-child\" data-id=\"d3a59ba\" data-element_type=\"container\">\n\t\t<div class=\"elementor-element elementor-element-d63b8dc e-grid e-con-full e-con e-child\" data-id=\"d63b8dc\" data-element_type=\"container\">\n\t\t<div class=\"elementor-element elementor-element-611ccd1 e-con-full e-flex e-con e-child\" data-id=\"611ccd1\" data-element_type=\"container\">\n\t\t\t\t<div class=\"elementor-element elementor-element-fa0d5b4 elementor-widget__width-inherit elementor-headline--style-highlight elementor-widget elementor-widget-animated-headline\" data-id=\"fa0d5b4\" data-element_type=\"widget\" data-settings=\"{&quot;highlighted_text&quot;:&quot;Saying&quot;,&quot;headline_style&quot;:&quot;highlight&quot;,&quot;marker&quot;:&quot;circle&quot;,&quot;loop&quot;:&quot;yes&quot;,&quot;highlight_animation_duration&quot;:1200,&quot;highlight_iteration_delay&quot;:8000}\" data-widget_type=\"animated-headline.default\">\n\t\t\t\t\t\t\t<h3 class=\"elementor-headline\">\n\t\t\t\t\t<span class=\"elementor-headline-plain-text elementor-headline-text-wrapper\">Qui\u00e9nes son nuestros clientes <\/span>\n\t\t\t\t<span class=\"elementor-headline-dynamic-wrapper elementor-headline-text-wrapper\">\n\t\t\t\t\t<span class=\"elementor-headline-dynamic-text elementor-headline-text-active\">Dicho<\/span>\n\t\t\t\t<\/span>\n\t\t\t\t<\/h3>\n\t\t\t\t\t\t<\/div>\n\t\t\t\t<div class=\"elementor-element elementor-element-bd7b4d4 elementor-widget__width-initial elementor-widget elementor-widget-text-editor\" data-id=\"bd7b4d4\" data-element_type=\"widget\" data-widget_type=\"text-editor.default\">\n\t\t\t\t\t\t\t\t\t<p>En Beautiful Hair McKinney, cada sonrisa, cada transformaci\u00f3n y cada cumplido nos recuerdan por qu\u00e9 nos encanta lo que hacemos. Nuestros clientes nos conf\u00edan su confianza, y nos enorgullece compartir sus amables palabras.<\/p>\t\t\t\t\t\t\t\t<\/div>\n\t\t\t\t<div class=\"elementor-element elementor-element-c8ee2e2 elementor-testimonial--align-left elementor-testimonial--layout-image_above elementor-testimonial--skin-default elementor-widget elementor-widget-testimonial-carousel\" data-id=\"c8ee2e2\" data-element_type=\"widget\" data-settings=\"{&quot;space_between&quot;:{&quot;unit&quot;:&quot;px&quot;,&quot;size&quot;:&quot;&quot;,&quot;sizes&quot;:[]},&quot;slides_per_view&quot;:&quot;1&quot;,&quot;speed&quot;:500,&quot;autoplay&quot;:&quot;yes&quot;,&quot;autoplay_speed&quot;:5000,&quot;loop&quot;:&quot;yes&quot;,&quot;pause_on_hover&quot;:&quot;yes&quot;,&quot;pause_on_interaction&quot;:&quot;yes&quot;,&quot;space_between_tablet&quot;:{&quot;unit&quot;:&quot;px&quot;,&quot;size&quot;:10,&quot;sizes&quot;:[]},&quot;space_between_mobile&quot;:{&quot;unit&quot;:&quot;px&quot;,&quot;size&quot;:10,&quot;sizes&quot;:[]}}\" data-widget_type=\"testimonial-carousel.default\">\n\t\t\t\t\t\t\t\t\t\t<div class=\"elementor-main-swiper swiper\" role=\"region\" aria-roledescription=\"carousel\" aria-label=\"Slides\">\n\t\t\t\t<div class=\"swiper-wrapper\">\n\t\t\t\t\t\t\t\t\t\t\t<div class=\"swiper-slide\" role=\"group\" aria-roledescription=\"slide\">\n\t\t\t\t\t\t\t\t\t<div class=\"elementor-testimonial\">\n\t\t\t\t\t\t\t<div class=\"elementor-testimonial__content\">\n\t\t\t\t\t<div class=\"elementor-testimonial__text\">\n\t\t\t\t\t\tNo ir\u00eda a ning\u00fan otro sitio.\t\t\t\t\t<\/div>\n\t\t\t\t\t<cite class=\"elementor-testimonial__cite\"><span class=\"elementor-testimonial__name\">\u2014  Sharon B.<\/span><span class=\"elementor-testimonial__title\">Cliente satisfecho<\/span><\/cite>\t\t\t\t<\/div>\n\t\t\t\t\t\t<div class=\"elementor-testimonial__footer\">\n\t\t\t\t\t\t\t\t\t<div class=\"elementor-testimonial__image\">\n\t\t\t\t\t\t<img decoding=\"async\" src=\"https:\/\/beautifulhairmckinney.com\/wp-content\/uploads\/2025\/11\/comment.png\" alt=\"\u2014  Sharon B.\">\n\t\t\t\t\t\t\t\t\t\t\t<\/div>\n\t\t\t\t\t\t\t\t\t\t\t<\/div>\n\t\t<\/div>\n\t\t\t\t\t\t\t\t<\/div>\n\t\t\t\t\t\t\t\t\t\t\t<div class=\"swiper-slide\" role=\"group\" aria-roledescription=\"slide\">\n\t\t\t\t\t\t\t\t\t<div class=\"elementor-testimonial\">\n\t\t\t\t\t\t\t<div class=\"elementor-testimonial__content\">\n\t\t\t\t\t<div class=\"elementor-testimonial__text\">\n\t\t\t\t\t\tUna peluquera incre\u00edble, siempre al d\u00eda con las \u00faltimas tendencias y t\u00e9cnicas. \u00a1Siempre hace un trabajo incre\u00edble!\n\t\t\t\t\t<\/div>\n\t\t\t\t\t<cite class=\"elementor-testimonial__cite\"><span class=\"elementor-testimonial__name\">\u2014 Kera B.<\/span><span class=\"elementor-testimonial__title\">Cliente satisfecho<\/span><\/cite>\t\t\t\t<\/div>\n\t\t\t\t\t\t<div class=\"elementor-testimonial__footer\">\n\t\t\t\t\t\t\t\t\t<div class=\"elementor-testimonial__image\">\n\t\t\t\t\t\t<img decoding=\"async\" src=\"https:\/\/beautifulhairmckinney.com\/wp-content\/uploads\/2025\/11\/comment.png\" alt=\"\u2014 Kera B.\">\n\t\t\t\t\t\t\t\t\t\t\t<\/div>\n\t\t\t\t\t\t\t\t\t\t\t<\/div>\n\t\t<\/div>\n\t\t\t\t\t\t\t\t<\/div>\n\t\t\t\t\t\t\t\t\t\t\t<div class=\"swiper-slide\" role=\"group\" aria-roledescription=\"slide\">\n\t\t\t\t\t\t\t\t\t<div class=\"elementor-testimonial\">\n\t\t\t\t\t\t\t<div class=\"elementor-testimonial__content\">\n\t\t\t\t\t<div class=\"elementor-testimonial__text\">\n\t\t\t\t\t\t\u00ab\u00a1Me encant\u00f3 la experiencia!\u00bb\t\t\t\t\t<\/div>\n\t\t\t\t\t<cite class=\"elementor-testimonial__cite\"><span class=\"elementor-testimonial__name\">\u2014 Kayla M.<\/span><span class=\"elementor-testimonial__title\">Cliente satisfecho<\/span><\/cite>\t\t\t\t<\/div>\n\t\t\t\t\t\t<div class=\"elementor-testimonial__footer\">\n\t\t\t\t\t\t\t\t\t<div class=\"elementor-testimonial__image\">\n\t\t\t\t\t\t<img decoding=\"async\" src=\"https:\/\/beautifulhairmckinney.com\/wp-content\/uploads\/2025\/11\/comment.png\" alt=\"\u2014 Kayla M.\">\n\t\t\t\t\t\t\t\t\t\t\t<\/div>\n\t\t\t\t\t\t\t\t\t\t\t<\/div>\n\t\t<\/div>\n\t\t\t\t\t\t\t\t<\/div>\n\t\t\t\t\t\t\t\t\t\t\t<div class=\"swiper-slide\" role=\"group\" aria-roledescription=\"slide\">\n\t\t\t\t\t\t\t\t\t<div class=\"elementor-testimonial\">\n\t\t\t\t\t\t\t<div class=\"elementor-testimonial__content\">\n\t\t\t\t\t<div class=\"elementor-testimonial__text\">\n\t\t\t\t\t\tUn lugar estupendo y gente profesional.\t\t\t\t\t<\/div>\n\t\t\t\t\t<cite class=\"elementor-testimonial__cite\"><span class=\"elementor-testimonial__name\">\u2014  Eloise D.<\/span><span class=\"elementor-testimonial__title\">Cliente satisfecho<\/span><\/cite>\t\t\t\t<\/div>\n\t\t\t\t\t\t<div class=\"elementor-testimonial__footer\">\n\t\t\t\t\t\t\t\t\t<div class=\"elementor-testimonial__image\">\n\t\t\t\t\t\t<img decoding=\"async\" src=\"https:\/\/beautifulhairmckinney.com\/wp-content\/uploads\/2025\/11\/comment.png\" alt=\"\u2014  Eloise D.\">\n\t\t\t\t\t\t\t\t\t\t\t<\/div>\n\t\t\t\t\t\t\t\t\t\t\t<\/div>\n\t\t<\/div>\n\t\t\t\t\t\t\t\t<\/div>\n\t\t\t\t\t\t\t\t\t\t\t<div class=\"swiper-slide\" role=\"group\" aria-roledescription=\"slide\">\n\t\t\t\t\t\t\t\t\t<div class=\"elementor-testimonial\">\n\t\t\t\t\t\t\t<div class=\"elementor-testimonial__content\">\n\t\t\t\t\t<div class=\"elementor-testimonial__text\">\n\t\t\t\t\t\t\u00a1Qu\u00e9 lugar tan bonito! Y las chicas fueron incre\u00edbles. \u00a1Gracias por ayudarme!\t\t\t\t\t<\/div>\n\t\t\t\t\t<cite class=\"elementor-testimonial__cite\"><span class=\"elementor-testimonial__name\">\u2014 Laura A.<\/span><span class=\"elementor-testimonial__title\">Cliente satisfecho<\/span><\/cite>\t\t\t\t<\/div>\n\t\t\t\t\t\t<div class=\"elementor-testimonial__footer\">\n\t\t\t\t\t\t\t\t\t<div class=\"elementor-testimonial__image\">\n\t\t\t\t\t\t<img decoding=\"async\" src=\"https:\/\/beautifulhairmckinney.com\/wp-content\/uploads\/2025\/11\/comment.png\" alt=\"\u2014 Laura A.\">\n\t\t\t\t\t\t\t\t\t\t\t<\/div>\n\t\t\t\t\t\t\t\t\t\t\t<\/div>\n\t\t<\/div>\n\t\t\t\t\t\t\t\t<\/div>\n\t\t\t\t\t\t\t\t\t\t\t<div class=\"swiper-slide\" role=\"group\" aria-roledescription=\"slide\">\n\t\t\t\t\t\t\t\t\t<div class=\"elementor-testimonial\">\n\t\t\t\t\t\t\t<div class=\"elementor-testimonial__content\">\n\t\t\t\t\t<div class=\"elementor-testimonial__text\">\n\t\t\t\t\t\tEste sal\u00f3n es un establecimiento de primera clase, con una calidad superior en todos los aspectos. Jordan fue incre\u00edble: agradable, atento y muy competente. \u00a1Una experiencia de sobresaliente alto!\t\t\t\t\t<\/div>\n\t\t\t\t\t<cite class=\"elementor-testimonial__cite\"><span class=\"elementor-testimonial__name\">\u2014 Evan R.<\/span><span class=\"elementor-testimonial__title\">Cliente satisfecho<\/span><\/cite>\t\t\t\t<\/div>\n\t\t\t\t\t\t<div class=\"elementor-testimonial__footer\">\n\t\t\t\t\t\t\t\t\t<div class=\"elementor-testimonial__image\">\n\t\t\t\t\t\t<img decoding=\"async\" src=\"https:\/\/beautifulhairmckinney.com\/wp-content\/uploads\/2025\/11\/comment.png\" alt=\"\u2014 Evan R.\">\n\t\t\t\t\t\t\t\t\t\t\t<\/div>\n\t\t\t\t\t\t\t\t\t\t\t<\/div>\n\t\t<\/div>\n\t\t\t\t\t\t\t\t<\/div>\n\t\t\t\t\t\t\t\t\t\t\t<div class=\"swiper-slide\" role=\"group\" aria-roledescription=\"slide\">\n\t\t\t\t\t\t\t\t\t<div class=\"elementor-testimonial\">\n\t\t\t\t\t\t\t<div class=\"elementor-testimonial__content\">\n\t\t\t\t\t<div class=\"elementor-testimonial__text\">\n\t\t\t\t\t\tEl personal se esfuerza por conocerle, lo que les permite ofrecerle una experiencia maravillosa.\t\t\t\t\t<\/div>\n\t\t\t\t\t<cite class=\"elementor-testimonial__cite translation-block\">Cliente satisfecho<\/cite>\t\t\t\t<\/div>\n\t\t\t\t\t\t<div class=\"elementor-testimonial__footer\">\n\t\t\t\t\t\t\t\t\t<div class=\"elementor-testimonial__image\">\n\t\t\t\t\t\t<img decoding=\"async\" src=\"https:\/\/beautifulhairmckinney.com\/wp-content\/uploads\/2025\/11\/comment.png\" alt=\"\u2014 Shannon D.\">\n\t\t\t\t\t\t\t\t\t\t\t<\/div>\n\t\t\t\t\t\t\t\t\t\t\t<\/div>\n\t\t<\/div>\n\t\t\t\t\t\t\t\t<\/div>\n\t\t\t\t\t\t\t\t\t\t\t<div class=\"swiper-slide\" role=\"group\" aria-roledescription=\"slide\">\n\t\t\t\t\t\t\t\t\t<div class=\"elementor-testimonial\">\n\t\t\t\t\t\t\t<div class=\"elementor-testimonial__content\">\n\t\t\t\t\t<div class=\"elementor-testimonial__text\">\n\t\t\t\t\t\tMe cort\u00e9 y pein\u00e9 el pelo aqu\u00ed por primera vez. Mi estilista fue muy amable y sus productos huelen incre\u00edblemente bien.\n\t\t\t\t\t<\/div>\n\t\t\t\t\t<cite class=\"elementor-testimonial__cite\"><span class=\"elementor-testimonial__name\">\u2014 Nina B.<\/span><span class=\"elementor-testimonial__title\">Cliente satisfecho<\/span><\/cite>\t\t\t\t<\/div>\n\t\t\t\t\t\t<div class=\"elementor-testimonial__footer\">\n\t\t\t\t\t\t\t\t\t<div class=\"elementor-testimonial__image\">\n\t\t\t\t\t\t<img decoding=\"async\" src=\"https:\/\/beautifulhairmckinney.com\/wp-content\/uploads\/2025\/11\/comment.png\" alt=\"\u2014 Nina B.\">\n\t\t\t\t\t\t\t\t\t\t\t<\/div>\n\t\t\t\t\t\t\t\t\t\t\t<\/div>\n\t\t<\/div>\n\t\t\t\t\t\t\t\t<\/div>\n\t\t\t\t\t\t\t\t\t\t\t<div class=\"swiper-slide\" role=\"group\" aria-roledescription=\"slide\">\n\t\t\t\t\t\t\t\t\t<div class=\"elementor-testimonial\">\n\t\t\t\t\t\t\t<div class=\"elementor-testimonial__content\">\n\t\t\t\t\t<div class=\"elementor-testimonial__text\">\n\t\t\t\t\t\tHan hecho un gran trabajo para toda la familia.\t\t\t\t\t<\/div>\n\t\t\t\t\t<cite class=\"elementor-testimonial__cite\"><span class=\"elementor-testimonial__name\">\u2014 Kyle B.<\/span><span class=\"elementor-testimonial__title\">Cliente satisfecho<\/span><\/cite>\t\t\t\t<\/div>\n\t\t\t\t\t\t<div class=\"elementor-testimonial__footer\">\n\t\t\t\t\t\t\t\t\t<div class=\"elementor-testimonial__image\">\n\t\t\t\t\t\t<img decoding=\"async\" src=\"https:\/\/beautifulhairmckinney.com\/wp-content\/uploads\/2025\/11\/comment.png\" alt=\"\u2014 Kyle B.\">\n\t\t\t\t\t\t\t\t\t\t\t<\/div>\n\t\t\t\t\t\t\t\t\t\t\t<\/div>\n\t\t<\/div>\n\t\t\t\t\t\t\t\t<\/div>\n\t\t\t\t\t\t\t\t\t\t\t<div class=\"swiper-slide\" role=\"group\" aria-roledescription=\"slide\">\n\t\t\t\t\t\t\t\t\t<div class=\"elementor-testimonial\">\n\t\t\t\t\t\t\t<div class=\"elementor-testimonial__content\">\n\t\t\t\t\t<div class=\"elementor-testimonial__text\">\n\t\t\t\t\t\t\u00a1Me encantan mis extensiones! Estas chicas hacen un trabajo incre\u00edble. \u00a1No es de extra\u00f1ar que este sal\u00f3n haya ganado el premio Best of Living Magazine dos a\u00f1os consecutivos!\n\t\t\t\t\t<\/div>\n\t\t\t\t\t<cite class=\"elementor-testimonial__cite\"><span class=\"elementor-testimonial__name\">\u2014 Cynthia S.<\/span><span class=\"elementor-testimonial__title\">Cliente satisfecho<\/span><\/cite>\t\t\t\t<\/div>\n\t\t\t\t\t\t<div class=\"elementor-testimonial__footer\">\n\t\t\t\t\t\t\t\t\t<div class=\"elementor-testimonial__image\">\n\t\t\t\t\t\t<img decoding=\"async\" src=\"https:\/\/beautifulhairmckinney.com\/wp-content\/uploads\/2025\/11\/comment.png\" alt=\"\u2014 Cynthia S.\">\n\t\t\t\t\t\t\t\t\t\t\t<\/div>\n\t\t\t\t\t\t\t\t\t\t\t<\/div>\n\t\t<\/div>\n\t\t\t\t\t\t\t\t<\/div>\n\t\t\t\t\t\t\t\t\t\t\t<div class=\"swiper-slide\" role=\"group\" aria-roledescription=\"slide\">\n\t\t\t\t\t\t\t\t\t<div class=\"elementor-testimonial\">\n\t\t\t\t\t\t\t<div class=\"elementor-testimonial__content\">\n\t\t\t\t\t<div class=\"elementor-testimonial__text\">\n\t\t\t\t\t\t\u00a1Un espacio remodelado muy bonito! Mi madre se cort\u00f3 y pein\u00f3 el pelo aqu\u00ed y le encant\u00f3.\n\t\t\t\t\t<\/div>\n\t\t\t\t\t<cite class=\"elementor-testimonial__cite\"><span class=\"elementor-testimonial__name\">\u2014 Anonymous Client<\/span><span class=\"elementor-testimonial__title\">Cliente satisfecho<\/span><\/cite>\t\t\t\t<\/div>\n\t\t\t\t\t\t<div class=\"elementor-testimonial__footer\">\n\t\t\t\t\t\t\t\t\t<div class=\"elementor-testimonial__image\">\n\t\t\t\t\t\t<img decoding=\"async\" src=\"https:\/\/beautifulhairmckinney.com\/wp-content\/uploads\/2025\/11\/comment.png\" alt=\"\u2014 Anonymous Client\">\n\t\t\t\t\t\t\t\t\t\t\t<\/div>\n\t\t\t\t\t\t\t\t\t\t\t<\/div>\n\t\t<\/div>\n\t\t\t\t\t\t\t\t<\/div>\n\t\t\t\t\t\t\t\t\t<\/div>\n\t\t\t\t\t\t\t\t\t\t\t\t\t\t\t\t\t\t\t\t\t<\/div>\n\t\t\t\t\t\t\t\t<\/div>\n\t\t\t\t<\/div>\n\t\t<div class=\"elementor-element elementor-element-9c71fe3 e-con-full e-flex e-con e-child\" data-id=\"9c71fe3\" data-element_type=\"container\">\n\t\t\t\t<div class=\"elementor-element elementor-element-0733980 elementor-absolute elementor-hidden-desktop elementor-hidden-tablet elementor-hidden-mobile elementor-widget elementor-widget-image\" data-id=\"0733980\" data-element_type=\"widget\" data-settings=\"{&quot;_position&quot;:&quot;absolute&quot;}\" data-widget_type=\"image.default\">\n\t\t\t\t\t\t\t\t\t\t\t\t\t\t\t<img fetchpriority=\"high\" decoding=\"async\" width=\"360\" height=\"350\" src=\"https:\/\/beautifulhairmckinney.com\/wp-content\/uploads\/2025\/11\/h3-saying02.jpg\" class=\"attachment-full size-full wp-image-790\" alt=\"\" srcset=\"https:\/\/beautifulhairmckinney.com\/wp-content\/uploads\/2025\/11\/h3-saying02.jpg 360w, https:\/\/beautifulhairmckinney.com\/wp-content\/uploads\/2025\/11\/h3-saying02-300x292.jpg 300w, https:\/\/beautifulhairmckinney.com\/wp-content\/uploads\/2025\/11\/h3-saying02-12x12.jpg 12w\" sizes=\"(max-width: 360px) 100vw, 360px\" \/>\t\t\t\t\t\t\t\t\t\t\t\t\t\t\t<\/div>\n\t\t\t\t<div class=\"elementor-element elementor-element-4cb954d elementor-widget elementor-widget-image\" data-id=\"4cb954d\" data-element_type=\"widget\" data-widget_type=\"image.default\">\n\t\t\t\t\t\t\t\t\t\t\t\t\t\t\t<img decoding=\"async\" width=\"1080\" height=\"1350\" src=\"https:\/\/beautifulhairmckinney.com\/wp-content\/uploads\/2025\/11\/f4b7c2d2392a09afe7f54994842e2ff3.jpg\" class=\"attachment-full size-full wp-image-323\" alt=\"Hair color McKinney TX\" srcset=\"https:\/\/beautifulhairmckinney.com\/wp-content\/uploads\/2025\/11\/f4b7c2d2392a09afe7f54994842e2ff3.jpg 1080w, https:\/\/beautifulhairmckinney.com\/wp-content\/uploads\/2025\/11\/f4b7c2d2392a09afe7f54994842e2ff3-240x300.jpg 240w, https:\/\/beautifulhairmckinney.com\/wp-content\/uploads\/2025\/11\/f4b7c2d2392a09afe7f54994842e2ff3-819x1024.jpg 819w, https:\/\/beautifulhairmckinney.com\/wp-content\/uploads\/2025\/11\/f4b7c2d2392a09afe7f54994842e2ff3-768x960.jpg 768w, https:\/\/beautifulhairmckinney.com\/wp-content\/uploads\/2025\/11\/f4b7c2d2392a09afe7f54994842e2ff3-10x12.jpg 10w\" sizes=\"(max-width: 1080px) 100vw, 1080px\" \/>\t\t\t\t\t\t\t\t\t\t\t\t\t\t\t<\/div>\n\t\t\t\t<\/div>\n\t\t\t\t<\/div>\n\t\t\t\t<\/div>\n\t\t\t\t\t<\/div>\n\t\t\t\t<\/div>\n\t\t<div class=\"elementor-element elementor-element-9467238 e-flex e-con-boxed e-con e-parent\" data-id=\"9467238\" data-element_type=\"container\" data-settings=\"{&quot;background_background&quot;:&quot;classic&quot;}\">\n\t\t\t\t\t<div class=\"e-con-inner\">\n\t\t<div class=\"elementor-element elementor-element-99d4f06 e-grid e-con-full e-con e-child\" data-id=\"99d4f06\" data-element_type=\"container\">\n\t\t<div class=\"elementor-element elementor-element-27fdae6 e-con-full e-flex e-con e-child\" data-id=\"27fdae6\" data-element_type=\"container\">\n\t\t\t\t<div class=\"elementor-element elementor-element-5ca881c elementor-widget elementor-widget-image\" data-id=\"5ca881c\" data-element_type=\"widget\" data-widget_type=\"image.default\">\n\t\t\t\t\t\t\t\t\t\t\t\t\t\t\t<img decoding=\"async\" width=\"630\" height=\"590\" src=\"https:\/\/beautifulhairmckinney.com\/wp-content\/uploads\/2025\/11\/h3-will.jpg\" class=\"attachment-full size-full wp-image-791\" alt=\"Luxury hair extensions McKinney\" srcset=\"https:\/\/beautifulhairmckinney.com\/wp-content\/uploads\/2025\/11\/h3-will.jpg 630w, https:\/\/beautifulhairmckinney.com\/wp-content\/uploads\/2025\/11\/h3-will-300x281.jpg 300w, https:\/\/beautifulhairmckinney.com\/wp-content\/uploads\/2025\/11\/h3-will-13x12.jpg 13w\" sizes=\"(max-width: 630px) 100vw, 630px\" \/>\t\t\t\t\t\t\t\t\t\t\t\t\t\t\t<\/div>\n\t\t\t\t<\/div>\n\t\t<div class=\"elementor-element elementor-element-96aa0f9 e-con-full e-flex e-con e-child\" data-id=\"96aa0f9\" data-element_type=\"container\">\n\t\t\t\t<div class=\"elementor-element elementor-element-cb2d872 elementor-widget__width-inherit elementor-headline--style-highlight elementor-widget elementor-widget-animated-headline\" data-id=\"cb2d872\" data-element_type=\"widget\" data-settings=\"{&quot;highlighted_text&quot;:&quot;Difference&quot;,&quot;headline_style&quot;:&quot;highlight&quot;,&quot;marker&quot;:&quot;circle&quot;,&quot;loop&quot;:&quot;yes&quot;,&quot;highlight_animation_duration&quot;:1200,&quot;highlight_iteration_delay&quot;:8000}\" data-widget_type=\"animated-headline.default\">\n\t\t\t\t\t\t\t<h3 class=\"elementor-headline\">\n\t\t\t\t\t<span class=\"elementor-headline-plain-text elementor-headline-text-wrapper\">\u00bfListo para experimentar el<\/span>\n\t\t\t\t<span class=\"elementor-headline-dynamic-wrapper elementor-headline-text-wrapper\">\n\t\t\t\t\t<span class=\"elementor-headline-dynamic-text elementor-headline-text-active\">Diferencia<\/span>\n\t\t\t\t<\/span>\n\t\t\t\t\t<span class=\"elementor-headline-plain-text elementor-headline-text-wrapper\">?<\/span>\n\t\t\t\t\t<\/h3>\n\t\t\t\t\t\t<\/div>\n\t\t\t\t<div class=\"elementor-element elementor-element-1191193 elementor-widget__width-initial elementor-widget elementor-widget-text-editor\" data-id=\"1191193\" data-element_type=\"widget\" data-widget_type=\"text-editor.default\">\n\t\t\t\t\t\t\t\t\t<p>\u00danase a los numerosos clientes satisfechos que conf\u00edan su imagen a Beautiful Hair McKinney.<\/p>\t\t\t\t\t\t\t\t<\/div>\n\t\t\t\t<div class=\"elementor-element elementor-element-ba9fb4f elementor-align-left elementor-mobile-align-justify elementor-widget-mobile__width-inherit elementor-widget elementor-widget-button\" data-id=\"ba9fb4f\" data-element_type=\"widget\" data-widget_type=\"button.default\">\n\t\t\t\t\t\t\t\t\t\t<a class=\"elementor-button elementor-button-link elementor-size-sm\" href=\"https:\/\/phorest.com\/book\/salons\/beautifulhairmckinney\" target=\"_blank\" rel=\"noopener\">\n\t\t\t\t\t\t<span class=\"elementor-button-content-wrapper\">\n\t\t\t\t\t\t\t\t\t<span class=\"elementor-button-text\">Reserve su cita hoy mismo<\/span>\n\t\t\t\t\t<\/span>\n\t\t\t\t\t<\/a>\n\t\t\t\t\t\t\t\t<\/div>\n\t\t\t\t<\/div>\n\t\t\t\t<\/div>\n\t\t\t\t\t<\/div>\n\t\t\t\t<\/div>\n\t\t\t\t<\/div>","protected":false},"excerpt":{"rendered":"<p>Testimonials What Our Clients Are Saying At Beautiful Hair McKinney, every smile, transformation, and compliment reminds us why we love what we do. Our clients trust us with their confidence \u2014 and we\u2019re proud to share their kind words. \u201cWouldn&#8217;t go anywhere else.\u201d \u2014 Sharon B.Happy Client \u201cAwesome hairdresser \u2014 always up to date with [&hellip;]<\/p>","protected":false},"author":1,"featured_media":445,"parent":0,"menu_order":0,"comment_status":"closed","ping_status":"closed","template":"","meta":{"footnotes":""},"class_list":["post-785","page","type-page","status-publish","has-post-thumbnail","hentry"],"_links":{"self":[{"href":"https:\/\/beautifulhairmckinney.com\/es\/wp-json\/wp\/v2\/pages\/785","targetHints":{"allow":["GET"]}}],"collection":[{"href":"https:\/\/beautifulhairmckinney.com\/es\/wp-json\/wp\/v2\/pages"}],"about":[{"href":"https:\/\/beautifulhairmckinney.com\/es\/wp-json\/wp\/v2\/types\/page"}],"author":[{"embeddable":true,"href":"https:\/\/beautifulhairmckinney.com\/es\/wp-json\/wp\/v2\/users\/1"}],"replies":[{"embeddable":true,"href":"https:\/\/beautifulhairmckinney.com\/es\/wp-json\/wp\/v2\/comments?post=785"}],"version-history":[{"count":3,"href":"https:\/\/beautifulhairmckinney.com\/es\/wp-json\/wp\/v2\/pages\/785\/revisions"}],"predecessor-version":[{"id":1600,"href":"https:\/\/beautifulhairmckinney.com\/es\/wp-json\/wp\/v2\/pages\/785\/revisions\/1600"}],"wp:featuredmedia":[{"embeddable":true,"href":"https:\/\/beautifulhairmckinney.com\/es\/wp-json\/wp\/v2\/media\/445"}],"wp:attachment":[{"href":"https:\/\/beautifulhairmckinney.com\/es\/wp-json\/wp\/v2\/media?parent=785"}],"curies":[{"name":"wp","href":"https:\/\/api.w.org\/{rel}","templated":true}]}}