{"id":707,"date":"2025-11-10T06:38:51","date_gmt":"2025-11-10T06:38:51","guid":{"rendered":"https:\/\/beautifulhairmckinney.com\/?page_id=707"},"modified":"2026-01-08T19:47:11","modified_gmt":"2026-01-08T19:47:11","slug":"extensions","status":"publish","type":"page","link":"https:\/\/beautifulhairmckinney.com\/es\/extensions\/","title":{"rendered":"Extensiones"},"content":{"rendered":"<div data-elementor-type=\"wp-page\" data-elementor-id=\"707\" class=\"elementor elementor-707\" data-elementor-post-type=\"page\">\n\t\t\t\t<div class=\"elementor-element elementor-element-c25d2cf e-flex e-con-boxed e-con e-parent\" data-id=\"c25d2cf\" data-element_type=\"container\" data-settings=\"{&quot;background_background&quot;:&quot;classic&quot;}\">\n\t\t\t\t\t<div class=\"e-con-inner\">\n\t\t<div class=\"elementor-element elementor-element-c375d86 e-con-full e-flex e-con e-child\" data-id=\"c375d86\" data-element_type=\"container\">\n\t\t\t\t<div class=\"elementor-element elementor-element-6b0f00d elementor-invisible elementor-widget elementor-widget-heading\" data-id=\"6b0f00d\" data-element_type=\"widget\" data-settings=\"{&quot;_animation&quot;:&quot;fadeInUp&quot;,&quot;_animation_delay&quot;:100}\" data-widget_type=\"heading.default\">\n\t\t\t\t\t<h2 class=\"elementor-heading-title elementor-size-default\">Extensiones de cabello de lujo en McKinney<\/h2>\t\t\t\t<\/div>\n\t\t\t\t<\/div>\n\t\t\t\t\t<\/div>\n\t\t\t\t<\/div>\n\t\t<div class=\"elementor-element elementor-element-3b2315e e-flex e-con-boxed e-con e-parent\" data-id=\"3b2315e\" data-element_type=\"container\" data-settings=\"{&quot;background_background&quot;:&quot;classic&quot;}\">\n\t\t\t\t\t<div class=\"e-con-inner\">\n\t\t<div class=\"elementor-element elementor-element-81183d2 e-con-full e-flex e-con e-child\" data-id=\"81183d2\" data-element_type=\"container\" data-settings=\"{&quot;background_background&quot;:&quot;classic&quot;}\">\n\t\t\t\t<div class=\"elementor-element elementor-element-1a2cf94 elementor-widget-mobile__width-inherit elementor-absolute elementor-widget__width-inherit elementor-invisible elementor-widget elementor-widget-heading\" data-id=\"1a2cf94\" data-element_type=\"widget\" data-settings=\"{&quot;_animation&quot;:&quot;fadeInUp&quot;,&quot;_position&quot;:&quot;absolute&quot;}\" data-widget_type=\"heading.default\">\n\t\t\t\t\t<h2 class=\"elementor-heading-title elementor-size-default\">Extensiones <\/h2>\t\t\t\t<\/div>\n\t\t\t\t<div class=\"elementor-element elementor-element-f0e682d elementor-widget__width-initial elementor-widget elementor-widget-heading\" data-id=\"f0e682d\" data-element_type=\"widget\" data-widget_type=\"heading.default\">\n\t\t\t\t\t<h2 class=\"elementor-heading-title elementor-size-default\">Transforma tu look con un cabello bonito y de longitud natural.<\/h2>\t\t\t\t<\/div>\n\t\t\t\t<div class=\"elementor-element elementor-element-bd3bc79 elementor-widget__width-initial elementor-widget elementor-widget-text-editor\" data-id=\"bd3bc79\" data-element_type=\"widget\" data-widget_type=\"text-editor.default\">\n\t\t\t\t\t\t\t\t\t<p data-start=\"601\" data-end=\"887\" class=\"translation-block\">En <strong data-start=\"\u00ab604\u00bb\" data-end=\"\u00ab631\u00bb\">Beautiful Hair McKinney<\/strong>, nos especializamos en extensiones de cabello de primera calidad que aportan longitud, volumen y confianza al instante. Tanto si sue\u00f1as con un look de alfombra roja como con un cambio sutil, nuestros estilistas expertos te ofrecen resultados naturales y perfectos que se mezclan a la perfecci\u00f3n con tu propio cabello.<\/p>\t\t\t\t\t\t\t\t<\/div>\n\t\t<div class=\"elementor-element elementor-element-9a96ffe e-con-full e-flex e-con e-child\" data-id=\"9a96ffe\" data-element_type=\"container\">\n\t\t<div class=\"elementor-element elementor-element-3a37922 e-con-full e-flex e-con e-child\" data-id=\"3a37922\" data-element_type=\"container\">\n\t\t\t\t<div class=\"elementor-element elementor-element-fd815a6 elementor-widget__width-inherit elementor-widget elementor-widget-image\" data-id=\"fd815a6\" data-element_type=\"widget\" data-widget_type=\"image.default\">\n\t\t\t\t\t\t\t\t\t\t\t\t\t\t\t<img fetchpriority=\"high\" decoding=\"async\" width=\"800\" height=\"880\" src=\"https:\/\/beautifulhairmckinney.com\/wp-content\/uploads\/2025\/11\/d21bc037b30f5cc48edcbe827de1ad3e.jpg\" class=\"attachment-large size-large wp-image-713\" alt=\"Keratin smoothing treatment McKinney\" srcset=\"https:\/\/beautifulhairmckinney.com\/wp-content\/uploads\/2025\/11\/d21bc037b30f5cc48edcbe827de1ad3e.jpg 800w, https:\/\/beautifulhairmckinney.com\/wp-content\/uploads\/2025\/11\/d21bc037b30f5cc48edcbe827de1ad3e-273x300.jpg 273w, https:\/\/beautifulhairmckinney.com\/wp-content\/uploads\/2025\/11\/d21bc037b30f5cc48edcbe827de1ad3e-768x845.jpg 768w, https:\/\/beautifulhairmckinney.com\/wp-content\/uploads\/2025\/11\/d21bc037b30f5cc48edcbe827de1ad3e-11x12.jpg 11w\" sizes=\"(max-width: 800px) 100vw, 800px\" \/>\t\t\t\t\t\t\t\t\t\t\t\t\t\t\t<\/div>\n\t\t\t\t<\/div>\n\t\t<div class=\"elementor-element elementor-element-fb3733d e-con-full e-flex e-con e-child\" data-id=\"fb3733d\" data-element_type=\"container\">\n\t\t\t\t<div class=\"elementor-element elementor-element-4472161 elementor-widget__width-initial elementor-widget-mobile__width-inherit elementor-invisible elementor-widget elementor-widget-text-editor\" data-id=\"4472161\" data-element_type=\"widget\" data-settings=\"{&quot;_animation&quot;:&quot;fadeInUp&quot;,&quot;_animation_delay&quot;:300}\" data-widget_type=\"text-editor.default\">\n\t\t\t\t\t\t\t\t\t<p data-start=\"188\" data-end=\"487\">\u00ab\u00a1Me encantan mis extensiones! Estas chicas hacen un trabajo incre\u00edble. Vine aqu\u00ed hace varios meses porque me hab\u00edan hecho un mal corte de pelo en otro sitio y estoy muy contenta de haberlo hecho. No es de extra\u00f1ar que este sal\u00f3n haya ganado el premio a la mejor peluquer\u00eda de Living Magazine durante los \u00faltimos dos a\u00f1os. Sin duda, tienen mi voto\u00bb.<\/p>\t\t\t\t\t\t\t\t<\/div>\n\t\t\t\t<div class=\"elementor-element elementor-element-6a60b1c elementor-widget elementor-widget-heading\" data-id=\"6a60b1c\" data-element_type=\"widget\" data-widget_type=\"heading.default\">\n\t\t\t\t\t<h4 class=\"elementor-heading-title elementor-size-default\">\u2014 Cynthia S<\/h4>\t\t\t\t<\/div>\n\t\t\t\t<\/div>\n\t\t\t\t<\/div>\n\t\t\t\t<\/div>\n\t\t\t\t\t<\/div>\n\t\t\t\t<\/div>\n\t\t<div class=\"elementor-element elementor-element-ea4882d e-flex e-con-boxed e-con e-parent\" data-id=\"ea4882d\" data-element_type=\"container\" data-settings=\"{&quot;background_background&quot;:&quot;classic&quot;}\">\n\t\t\t\t\t<div class=\"e-con-inner\">\n\t\t<div class=\"elementor-element elementor-element-156a886 e-con-full e-flex e-con e-child\" data-id=\"156a886\" data-element_type=\"container\">\n\t\t\t\t<div class=\"elementor-element elementor-element-ba3c068 elementor-widget elementor-widget-image\" data-id=\"ba3c068\" data-element_type=\"widget\" data-widget_type=\"image.default\">\n\t\t\t\t\t\t\t\t\t\t\t\t\t\t\t<img decoding=\"async\" width=\"683\" height=\"1024\" src=\"https:\/\/beautifulhairmckinney.com\/wp-content\/uploads\/2025\/11\/halfnhalf1-683x1024.jpg\" class=\"attachment-large size-large wp-image-756\" alt=\"Best hair salon in McKinney\" srcset=\"https:\/\/beautifulhairmckinney.com\/wp-content\/uploads\/2025\/11\/halfnhalf1-683x1024.jpg 683w, https:\/\/beautifulhairmckinney.com\/wp-content\/uploads\/2025\/11\/halfnhalf1-200x300.jpg 200w, https:\/\/beautifulhairmckinney.com\/wp-content\/uploads\/2025\/11\/halfnhalf1-768x1151.jpg 768w, https:\/\/beautifulhairmckinney.com\/wp-content\/uploads\/2025\/11\/halfnhalf1-1025x1536.jpg 1025w, https:\/\/beautifulhairmckinney.com\/wp-content\/uploads\/2025\/11\/halfnhalf1-8x12.jpg 8w, https:\/\/beautifulhairmckinney.com\/wp-content\/uploads\/2025\/11\/halfnhalf1.jpg 1200w\" sizes=\"(max-width: 683px) 100vw, 683px\" \/>\t\t\t\t\t\t\t\t\t\t\t\t\t\t\t<\/div>\n\t\t\t\t<\/div>\n\t\t<div class=\"elementor-element elementor-element-3f82798 e-con-full e-flex e-con e-child\" data-id=\"3f82798\" data-element_type=\"container\" data-settings=\"{&quot;background_background&quot;:&quot;classic&quot;}\">\n\t\t\t\t<div class=\"elementor-element elementor-element-61485b4 elementor-widget elementor-widget-heading\" data-id=\"61485b4\" data-element_type=\"widget\" data-widget_type=\"heading.default\">\n\t\t\t\t\t<h2 class=\"elementor-heading-title elementor-size-default\">Nuestras opciones de extensi\u00f3n premium<\/h2>\t\t\t\t<\/div>\n\t\t\t\t<div class=\"elementor-element elementor-element-e059c4f elementor-widget__width-initial elementor-widget elementor-widget-text-editor\" data-id=\"e059c4f\" data-element_type=\"widget\" data-widget_type=\"text-editor.default\">\n\t\t\t\t\t\t\t\t\tEstamos orgullosos de ofrecer las extensiones profesionales Muse. \u00a1Experimenta la diferencia Muse! \t\t\t\t\t\t\t\t<\/div>\n\t\t\t\t<div class=\"elementor-element elementor-element-bbe8f67 elementor-widget__width-initial elementor-widget elementor-widget-text-editor\" data-id=\"bbe8f67\" data-element_type=\"widget\" data-widget_type=\"text-editor.default\">\n\t\t\t\t\t\t\t\t\t<p data-start=\"1124\" data-end=\"1191\">Elige entre una variedad de estilos que se adaptan a tus necesidades y estilo de vida:<\/p><ul data-start=\"1192\" data-end=\"1427\"><li data-start=\"1192\" data-end=\"1275\"><p data-start=\"1194\" data-end=\"1275\" class=\"translation-block\"><strong data-start=\"\u00ab1194\u00bb\" data-end=\"\u00ab1228\u00bb\">Extensiones adhesivas de cabello humano<\/strong>: ligeras y naturales para el uso diario.<\/p><\/li><li data-start=\"1276\" data-end=\"1344\"><p data-start=\"1278\" data-end=\"1344\" class=\"translation-block\"><strong data-start=\"\u00ab1278\u00bb\" data-end=\"\u00ab1293\u00bb\">Micro-Wefts<\/strong>: flexibles y discretas para aportar volumen y movimiento.<\/p><\/li><li data-start=\"1345\" data-end=\"1427\"><p data-start=\"1347\" data-end=\"1427\" class=\"translation-block\"><strong data-start=\"\u00ab1347\u00bb\" data-end=\"\u00ab1363\u00bb\">Tejidos cosidos<\/strong>: lujosos y duraderos para una transformaci\u00f3n definitiva.<\/p><\/li><\/ul><p data-start=\"1429\" data-end=\"1606\" class=\"translation-block\">Muchas de nuestras aplicaciones se pueden completar en <strong data-start=\"\u00ab1474\u00bb\" data-end=\"\u00ab1491\u00bb\">menos de una hora<\/strong>, lo que le permite experimentar un cambio espectacular y hermoso, al tiempo que mantiene su cabello natural sano e intacto.<\/p>\t\t\t\t\t\t\t\t<\/div>\n\t\t<div class=\"elementor-element elementor-element-0e4908a e-con-full e-flex e-con e-child\" data-id=\"0e4908a\" data-element_type=\"container\">\n\t\t\t\t<div class=\"elementor-element elementor-element-7044e5b elementor-align-right elementor-mobile-align-justify elementor-widget-mobile__width-inherit elementor-widget elementor-widget-button\" data-id=\"7044e5b\" data-element_type=\"widget\" data-widget_type=\"button.default\">\n\t\t\t\t\t\t\t\t\t\t<a class=\"elementor-button elementor-button-link elementor-size-sm\" href=\"https:\/\/phorest.com\/book\/salons\/beautifulhairmckinney\" target=\"_blank\" rel=\"noopener\">\n\t\t\t\t\t\t<span class=\"elementor-button-content-wrapper\">\n\t\t\t\t\t\t\t\t\t<span class=\"elementor-button-text\">Reserva una cita<\/span>\n\t\t\t\t\t<\/span>\n\t\t\t\t\t<\/a>\n\t\t\t\t\t\t\t\t<\/div>\n\t\t\t\t<div class=\"elementor-element elementor-element-15acf9b elementor-align-left elementor-mobile-align-justify elementor-widget-mobile__width-inherit elementor-widget elementor-widget-button\" data-id=\"15acf9b\" data-element_type=\"widget\" data-widget_type=\"button.default\">\n\t\t\t\t\t\t\t\t\t\t<a class=\"elementor-button elementor-button-link elementor-size-sm\" href=\"tel:2144173296\">\n\t\t\t\t\t\t<span class=\"elementor-button-content-wrapper\">\n\t\t\t\t\t\t\t\t\t<span class=\"elementor-button-text\">Llama al: (214) 417-3296<\/span>\n\t\t\t\t\t<\/span>\n\t\t\t\t\t<\/a>\n\t\t\t\t\t\t\t\t<\/div>\n\t\t\t\t<\/div>\n\t\t\t\t<\/div>\n\t\t\t\t<div class=\"elementor-element elementor-element-32f945d elementor-absolute elementor-widget elementor-widget-image\" data-id=\"32f945d\" data-element_type=\"widget\" data-settings=\"{&quot;_position&quot;:&quot;absolute&quot;}\" data-widget_type=\"image.default\">\n\t\t\t\t\t\t\t\t\t\t\t\t\t\t\t<img decoding=\"async\" width=\"294\" height=\"214\" src=\"https:\/\/beautifulhairmckinney.com\/wp-content\/uploads\/2025\/11\/leaf.png\" class=\"attachment-large size-large wp-image-104\" alt=\"\" \/>\t\t\t\t\t\t\t\t\t\t\t\t\t\t\t<\/div>\n\t\t\t\t\t<\/div>\n\t\t\t\t<\/div>\n\t\t<div class=\"elementor-element elementor-element-b26c3d2 e-flex e-con-boxed e-con e-parent\" data-id=\"b26c3d2\" data-element_type=\"container\" data-settings=\"{&quot;background_background&quot;:&quot;classic&quot;}\">\n\t\t\t\t\t<div class=\"e-con-inner\">\n\t\t\t\t<div class=\"elementor-element elementor-element-da5430f elementor-headline--style-highlight elementor-widget elementor-widget-animated-headline\" data-id=\"da5430f\" data-element_type=\"widget\" data-settings=\"{&quot;highlighted_text&quot;:&quot;Extensions&quot;,&quot;headline_style&quot;:&quot;highlight&quot;,&quot;marker&quot;:&quot;circle&quot;,&quot;loop&quot;:&quot;yes&quot;,&quot;highlight_animation_duration&quot;:1200,&quot;highlight_iteration_delay&quot;:8000}\" data-widget_type=\"animated-headline.default\">\n\t\t\t\t\t\t\t<h3 class=\"elementor-headline\">\n\t\t\t\t\t<span class=\"elementor-headline-plain-text elementor-headline-text-wrapper\">Por qu\u00e9 a los clientes les encanta nuestro <\/span>\n\t\t\t\t<span class=\"elementor-headline-dynamic-wrapper elementor-headline-text-wrapper\">\n\t\t\t\t\t<span class=\"elementor-headline-dynamic-text elementor-headline-text-active\">Extensiones<\/span>\n\t\t\t\t<\/span>\n\t\t\t\t<\/h3>\n\t\t\t\t\t\t<\/div>\n\t\t\t\t\t<\/div>\n\t\t\t\t<\/div>\n\t\t<div class=\"elementor-element elementor-element-2b70680 e-flex e-con-boxed e-con e-parent\" data-id=\"2b70680\" data-element_type=\"container\" data-settings=\"{&quot;background_background&quot;:&quot;classic&quot;}\">\n\t\t\t\t\t<div class=\"e-con-inner\">\n\t\t<div class=\"elementor-element elementor-element-2c3f157 e-con-full e-flex e-con e-child\" data-id=\"2c3f157\" data-element_type=\"container\" data-settings=\"{&quot;background_background&quot;:&quot;classic&quot;}\">\n\t\t<div class=\"elementor-element elementor-element-ceb877d e-con-full e-flex e-con e-child\" data-id=\"ceb877d\" data-element_type=\"container\" data-settings=\"{&quot;background_background&quot;:&quot;classic&quot;}\">\n\t\t\t\t<div class=\"elementor-element elementor-element-c40d419 elementor-widget elementor-widget-image\" data-id=\"c40d419\" data-element_type=\"widget\" data-widget_type=\"image.default\">\n\t\t\t\t\t\t\t\t\t\t\t\t\t\t\t<img loading=\"lazy\" decoding=\"async\" width=\"256\" height=\"256\" src=\"https:\/\/beautifulhairmckinney.com\/wp-content\/uploads\/2025\/11\/beauty-1.png\" class=\"attachment-large size-large wp-image-741\" alt=\"McKinney full-service salon\" srcset=\"https:\/\/beautifulhairmckinney.com\/wp-content\/uploads\/2025\/11\/beauty-1.png 256w, https:\/\/beautifulhairmckinney.com\/wp-content\/uploads\/2025\/11\/beauty-1-150x150.png 150w, https:\/\/beautifulhairmckinney.com\/wp-content\/uploads\/2025\/11\/beauty-1-12x12.png 12w\" sizes=\"(max-width: 256px) 100vw, 256px\" \/>\t\t\t\t\t\t\t\t\t\t\t\t\t\t\t<\/div>\n\t\t\t\t<div class=\"elementor-element elementor-element-e13bb8d elementor-align-center elementor-icon-list--layout-traditional elementor-list-item-link-full_width elementor-widget elementor-widget-icon-list\" data-id=\"e13bb8d\" data-element_type=\"widget\" data-widget_type=\"icon-list.default\">\n\t\t\t\t\t\t\t<ul class=\"elementor-icon-list-items\">\n\t\t\t\t\t\t\t<li class=\"elementor-icon-list-item\">\n\t\t\t\t\t\t\t\t\t\t<span class=\"elementor-icon-list-text\">Resultados naturales y perfectos<\/span>\n\t\t\t\t\t\t\t\t\t<\/li>\n\t\t\t\t\t\t<\/ul>\n\t\t\t\t\t\t<\/div>\n\t\t\t\t<div class=\"elementor-element elementor-element-8674855 elementor-widget__width-initial elementor-invisible elementor-widget elementor-widget-text-editor\" data-id=\"8674855\" data-element_type=\"widget\" data-settings=\"{&quot;_animation&quot;:&quot;xpro-anim-mask-from-up&quot;}\" data-widget_type=\"text-editor.default\">\n\t\t\t\t\t\t\t\t\t<p>Mezclado por expertos para lograr un aspecto impecable y natural que se mueve como tu propio cabello.<\/p>\t\t\t\t\t\t\t\t<\/div>\n\t\t\t\t<\/div>\n\t\t<div class=\"elementor-element elementor-element-37cb0ca e-con-full e-flex e-con e-child\" data-id=\"37cb0ca\" data-element_type=\"container\">\n\t\t\t\t<div class=\"elementor-element elementor-element-d0c537a elementor-widget elementor-widget-image\" data-id=\"d0c537a\" data-element_type=\"widget\" data-widget_type=\"image.default\">\n\t\t\t\t\t\t\t\t\t\t\t\t\t\t\t<img loading=\"lazy\" decoding=\"async\" width=\"256\" height=\"256\" src=\"https:\/\/beautifulhairmckinney.com\/wp-content\/uploads\/2025\/11\/secure.png\" class=\"attachment-large size-large wp-image-745\" alt=\"Collin County hair salon services\" srcset=\"https:\/\/beautifulhairmckinney.com\/wp-content\/uploads\/2025\/11\/secure.png 256w, https:\/\/beautifulhairmckinney.com\/wp-content\/uploads\/2025\/11\/secure-150x150.png 150w, https:\/\/beautifulhairmckinney.com\/wp-content\/uploads\/2025\/11\/secure-12x12.png 12w\" sizes=\"(max-width: 256px) 100vw, 256px\" \/>\t\t\t\t\t\t\t\t\t\t\t\t\t\t\t<\/div>\n\t\t\t\t<div class=\"elementor-element elementor-element-7523278 elementor-widget__width-inherit elementor-align-center elementor-icon-list--layout-traditional elementor-list-item-link-full_width elementor-widget elementor-widget-icon-list\" data-id=\"7523278\" data-element_type=\"widget\" data-widget_type=\"icon-list.default\">\n\t\t\t\t\t\t\t<ul class=\"elementor-icon-list-items\">\n\t\t\t\t\t\t\t<li class=\"elementor-icon-list-item\">\n\t\t\t\t\t\t\t\t\t\t<span class=\"elementor-icon-list-text\">Aplicaci\u00f3n segura y suave<\/span>\n\t\t\t\t\t\t\t\t\t<\/li>\n\t\t\t\t\t\t<\/ul>\n\t\t\t\t\t\t<\/div>\n\t\t\t\t<div class=\"elementor-element elementor-element-37de0ae elementor-widget__width-initial elementor-invisible elementor-widget elementor-widget-text-editor\" data-id=\"37de0ae\" data-element_type=\"widget\" data-settings=\"{&quot;_animation&quot;:&quot;xpro-anim-mask-from-up&quot;}\" data-widget_type=\"text-editor.default\">\n\t\t\t\t\t\t\t\t\t<p>Aplicado con cuidado utilizando m\u00e9todos que protegen y preservan tu cabello natural.<\/p>\t\t\t\t\t\t\t\t<\/div>\n\t\t\t\t<\/div>\n\t\t<div class=\"elementor-element elementor-element-e1afbf4 e-con-full e-flex e-con e-child\" data-id=\"e1afbf4\" data-element_type=\"container\">\n\t\t\t\t<div class=\"elementor-element elementor-element-23ec1b5 elementor-widget elementor-widget-image\" data-id=\"23ec1b5\" data-element_type=\"widget\" data-widget_type=\"image.default\">\n\t\t\t\t\t\t\t\t\t\t\t\t\t\t\t<img loading=\"lazy\" decoding=\"async\" width=\"512\" height=\"512\" src=\"https:\/\/beautifulhairmckinney.com\/wp-content\/uploads\/2025\/11\/hair-mask.png\" class=\"attachment-large size-large wp-image-747\" alt=\"Extension removal McKinney\" srcset=\"https:\/\/beautifulhairmckinney.com\/wp-content\/uploads\/2025\/11\/hair-mask.png 512w, https:\/\/beautifulhairmckinney.com\/wp-content\/uploads\/2025\/11\/hair-mask-300x300.png 300w, https:\/\/beautifulhairmckinney.com\/wp-content\/uploads\/2025\/11\/hair-mask-150x150.png 150w, https:\/\/beautifulhairmckinney.com\/wp-content\/uploads\/2025\/11\/hair-mask-12x12.png 12w\" sizes=\"(max-width: 512px) 100vw, 512px\" \/>\t\t\t\t\t\t\t\t\t\t\t\t\t\t\t<\/div>\n\t\t\t\t<div class=\"elementor-element elementor-element-034e31a elementor-align-center elementor-widget__width-inherit elementor-icon-list--layout-traditional elementor-list-item-link-full_width elementor-widget elementor-widget-icon-list\" data-id=\"034e31a\" data-element_type=\"widget\" data-widget_type=\"icon-list.default\">\n\t\t\t\t\t\t\t<ul class=\"elementor-icon-list-items\">\n\t\t\t\t\t\t\t<li class=\"elementor-icon-list-item\">\n\t\t\t\t\t\t\t\t\t\t<span class=\"elementor-icon-list-text\">Hecho a medida para ti<\/span>\n\t\t\t\t\t\t\t\t\t<\/li>\n\t\t\t\t\t\t<\/ul>\n\t\t\t\t\t\t<\/div>\n\t\t\t\t<div class=\"elementor-element elementor-element-80bb82c elementor-widget__width-initial elementor-invisible elementor-widget elementor-widget-text-editor\" data-id=\"80bb82c\" data-element_type=\"widget\" data-settings=\"{&quot;_animation&quot;:&quot;xpro-anim-mask-from-up&quot;}\" data-widget_type=\"text-editor.default\">\n\t\t\t\t\t\t\t\t\t<p>Dise\u00f1ado para adaptarse a tu estilo, tus objetivos y tu estilo de vida, para una belleza sin esfuerzo.<\/p>\t\t\t\t\t\t\t\t<\/div>\n\t\t\t\t<\/div>\n\t\t<div class=\"elementor-element elementor-element-591b3db e-con-full e-flex e-con e-child\" data-id=\"591b3db\" data-element_type=\"container\">\n\t\t\t\t<div class=\"elementor-element elementor-element-b8b3ffb elementor-widget elementor-widget-image\" data-id=\"b8b3ffb\" data-element_type=\"widget\" data-widget_type=\"image.default\">\n\t\t\t\t\t\t\t\t\t\t\t\t\t\t\t<img loading=\"lazy\" decoding=\"async\" width=\"256\" height=\"256\" src=\"https:\/\/beautifulhairmckinney.com\/wp-content\/uploads\/2025\/11\/balloon.png\" class=\"attachment-large size-large wp-image-748\" alt=\"Luxury hair extensions Texas\" srcset=\"https:\/\/beautifulhairmckinney.com\/wp-content\/uploads\/2025\/11\/balloon.png 256w, https:\/\/beautifulhairmckinney.com\/wp-content\/uploads\/2025\/11\/balloon-150x150.png 150w, https:\/\/beautifulhairmckinney.com\/wp-content\/uploads\/2025\/11\/balloon-12x12.png 12w\" sizes=\"(max-width: 256px) 100vw, 256px\" \/>\t\t\t\t\t\t\t\t\t\t\t\t\t\t\t<\/div>\n\t\t\t\t<div class=\"elementor-element elementor-element-1d51ab8 elementor-align-center elementor-widget__width-inherit elementor-icon-list--layout-traditional elementor-list-item-link-full_width elementor-widget elementor-widget-icon-list\" data-id=\"1d51ab8\" data-element_type=\"widget\" data-widget_type=\"icon-list.default\">\n\t\t\t\t\t\t\t<ul class=\"elementor-icon-list-items\">\n\t\t\t\t\t\t\t<li class=\"elementor-icon-list-item\">\n\t\t\t\t\t\t\t\t\t\t<span class=\"elementor-icon-list-text\">Confianza que brilla<\/span>\n\t\t\t\t\t\t\t\t\t<\/li>\n\t\t\t\t\t\t<\/ul>\n\t\t\t\t\t\t<\/div>\n\t\t\t\t<div class=\"elementor-element elementor-element-aa5fb1d elementor-widget__width-initial elementor-invisible elementor-widget elementor-widget-text-editor\" data-id=\"aa5fb1d\" data-element_type=\"widget\" data-settings=\"{&quot;_animation&quot;:&quot;xpro-anim-mask-from-up&quot;}\" data-widget_type=\"text-editor.default\">\n\t\t\t\t\t\t\t\t\t<p data-start=\"3854\" data-end=\"3914\">Longitud y volumen instant\u00e1neos que realzan tu look y aumentan tu confianza.<\/p>\t\t\t\t\t\t\t\t<\/div>\n\t\t\t\t<\/div>\n\t\t\t\t<\/div>\n\t\t\t\t\t<\/div>\n\t\t\t\t<\/div>\n\t\t\t\t<\/div>","protected":false},"excerpt":{"rendered":"<p>Luxury Hair Extensions in McKinney Extensions Transform Your Look with Beautiful, Natural-Length Hair At Beautiful Hair McKinney, we specialize in premium hair extensions that add instant length, volume, and confidence. Whether you\u2019re dreaming of a red carpet look or a subtle enhancement, our expert stylists deliver seamless, natural results that blend perfectly with your own [&hellip;]<\/p>","protected":false},"author":1,"featured_media":937,"parent":0,"menu_order":0,"comment_status":"closed","ping_status":"closed","template":"","meta":{"footnotes":""},"class_list":["post-707","page","type-page","status-publish","has-post-thumbnail","hentry"],"_links":{"self":[{"href":"https:\/\/beautifulhairmckinney.com\/es\/wp-json\/wp\/v2\/pages\/707","targetHints":{"allow":["GET"]}}],"collection":[{"href":"https:\/\/beautifulhairmckinney.com\/es\/wp-json\/wp\/v2\/pages"}],"about":[{"href":"https:\/\/beautifulhairmckinney.com\/es\/wp-json\/wp\/v2\/types\/page"}],"author":[{"embeddable":true,"href":"https:\/\/beautifulhairmckinney.com\/es\/wp-json\/wp\/v2\/users\/1"}],"replies":[{"embeddable":true,"href":"https:\/\/beautifulhairmckinney.com\/es\/wp-json\/wp\/v2\/comments?post=707"}],"version-history":[{"count":9,"href":"https:\/\/beautifulhairmckinney.com\/es\/wp-json\/wp\/v2\/pages\/707\/revisions"}],"predecessor-version":[{"id":1596,"href":"https:\/\/beautifulhairmckinney.com\/es\/wp-json\/wp\/v2\/pages\/707\/revisions\/1596"}],"wp:featuredmedia":[{"embeddable":true,"href":"https:\/\/beautifulhairmckinney.com\/es\/wp-json\/wp\/v2\/media\/937"}],"wp:attachment":[{"href":"https:\/\/beautifulhairmckinney.com\/es\/wp-json\/wp\/v2\/media?parent=707"}],"curies":[{"name":"wp","href":"https:\/\/api.w.org\/{rel}","templated":true}]}}