{"id":1008,"date":"2025-11-13T07:39:19","date_gmt":"2025-11-13T07:39:19","guid":{"rendered":"https:\/\/beautifulhairmckinney.com\/?page_id=1008"},"modified":"2025-12-10T12:26:29","modified_gmt":"2025-12-10T12:26:29","slug":"careers","status":"publish","type":"page","link":"https:\/\/beautifulhairmckinney.com\/es\/careers\/","title":{"rendered":"Carreras"},"content":{"rendered":"<div data-elementor-type=\"wp-page\" data-elementor-id=\"1008\" class=\"elementor elementor-1008\" data-elementor-post-type=\"page\">\n\t\t\t\t<div class=\"elementor-element elementor-element-b9f8ecd e-flex e-con-boxed e-con e-parent\" data-id=\"b9f8ecd\" data-element_type=\"container\" data-settings=\"{&quot;background_background&quot;:&quot;classic&quot;}\">\n\t\t\t\t\t<div class=\"e-con-inner\">\n\t\t<div class=\"elementor-element elementor-element-9897f67 e-con-full e-flex e-con e-child\" data-id=\"9897f67\" data-element_type=\"container\">\n\t\t\t\t<div class=\"elementor-element elementor-element-3fd7e63 elementor-invisible elementor-widget elementor-widget-heading\" data-id=\"3fd7e63\" data-element_type=\"widget\" data-settings=\"{&quot;_animation&quot;:&quot;fadeInUp&quot;,&quot;_animation_delay&quot;:100}\" data-widget_type=\"heading.default\">\n\t\t\t\t\t<h1 class=\"elementor-heading-title elementor-size-default\">Carreras<\/h1>\t\t\t\t<\/div>\n\t\t\t\t<\/div>\n\t\t\t\t\t<\/div>\n\t\t\t\t<\/div>\n\t\t<div class=\"elementor-element elementor-element-c31d63e e-flex e-con-boxed e-con e-parent\" data-id=\"c31d63e\" data-element_type=\"container\" data-settings=\"{&quot;background_background&quot;:&quot;classic&quot;}\">\n\t\t\t\t\t<div class=\"e-con-inner\">\n\t\t<div class=\"elementor-element elementor-element-702193f e-grid e-con-full e-con e-child\" data-id=\"702193f\" data-element_type=\"container\">\n\t\t<div class=\"elementor-element elementor-element-cd7b78f e-con-full e-flex e-con e-child\" data-id=\"cd7b78f\" data-element_type=\"container\">\n\t\t\t\t<div class=\"elementor-element elementor-element-36243f1 elementor-widget elementor-widget-image\" data-id=\"36243f1\" data-element_type=\"widget\" data-widget_type=\"image.default\">\n\t\t\t\t\t\t\t\t\t\t\t\t\t\t\t<img fetchpriority=\"high\" decoding=\"async\" width=\"1000\" height=\"987\" src=\"https:\/\/beautifulhairmckinney.com\/wp-content\/uploads\/2025\/11\/Lady-hairdresser-1.jpg\" class=\"attachment-full size-full wp-image-403\" alt=\"McKinney hair stylist\" srcset=\"https:\/\/beautifulhairmckinney.com\/wp-content\/uploads\/2025\/11\/Lady-hairdresser-1.jpg 1000w, https:\/\/beautifulhairmckinney.com\/wp-content\/uploads\/2025\/11\/Lady-hairdresser-1-300x296.jpg 300w, https:\/\/beautifulhairmckinney.com\/wp-content\/uploads\/2025\/11\/Lady-hairdresser-1-768x758.jpg 768w, https:\/\/beautifulhairmckinney.com\/wp-content\/uploads\/2025\/11\/Lady-hairdresser-1-12x12.jpg 12w\" sizes=\"(max-width: 1000px) 100vw, 1000px\" \/>\t\t\t\t\t\t\t\t\t\t\t\t\t\t\t<\/div>\n\t\t\t\t<\/div>\n\t\t<div class=\"elementor-element elementor-element-d6baf45 e-con-full e-flex e-con e-child\" data-id=\"d6baf45\" data-element_type=\"container\">\n\t\t\t\t<div class=\"elementor-element elementor-element-89cc2cd elementor-widget__width-inherit elementor-headline--style-highlight elementor-widget elementor-widget-animated-headline\" data-id=\"89cc2cd\" data-element_type=\"widget\" data-settings=\"{&quot;highlighted_text&quot;:&quot;Team&quot;,&quot;headline_style&quot;:&quot;highlight&quot;,&quot;marker&quot;:&quot;circle&quot;,&quot;loop&quot;:&quot;yes&quot;,&quot;highlight_animation_duration&quot;:1200,&quot;highlight_iteration_delay&quot;:8000}\" data-widget_type=\"animated-headline.default\">\n\t\t\t\t\t\t\t<h3 class=\"elementor-headline\">\n\t\t\t\t\t<span class=\"elementor-headline-plain-text elementor-headline-text-wrapper\">\u00bfListo para unirte a Beautiful Hair McKinney? <\/span>\n\t\t\t\t<span class=\"elementor-headline-dynamic-wrapper elementor-headline-text-wrapper\">\n\t\t\t\t\t<span class=\"elementor-headline-dynamic-text elementor-headline-text-active\">Equipo<\/span>\n\t\t\t\t<\/span>\n\t\t\t\t\t<span class=\"elementor-headline-plain-text elementor-headline-text-wrapper\">?<\/span>\n\t\t\t\t\t<\/h3>\n\t\t\t\t\t\t<\/div>\n\t\t\t\t<div class=\"elementor-element elementor-element-edcf6f6 elementor-widget__width-initial elementor-widget elementor-widget-text-editor\" data-id=\"edcf6f6\" data-element_type=\"widget\" data-widget_type=\"text-editor.default\">\n\t\t\t\t\t\t\t\t\tSiempre estamos buscando profesionales con talento y pasi\u00f3n para que se unan a nuestro equipo en crecimiento. Si te dedicas a ofrecer un servicio excelente, eres creativo y te gusta ayudar a los clientes a verse y sentirse mejor, \u00a1nos encantar\u00eda conocerte!\t\t\t\t\t\t\t\t<\/div>\n\t\t\t\t<div class=\"elementor-element elementor-element-83fab98 elementor-widget elementor-widget-heading\" data-id=\"83fab98\" data-element_type=\"widget\" data-widget_type=\"heading.default\">\n\t\t\t\t\t<h6 class=\"elementor-heading-title elementor-size-default\">Rellene el siguiente formulario y env\u00ede su curr\u00edculum por correo electr\u00f3nico a:<\/h6>\t\t\t\t<\/div>\n\t\t\t\t<div class=\"elementor-element elementor-element-64d96ed elementor-icon-list--layout-traditional elementor-list-item-link-full_width elementor-widget elementor-widget-icon-list\" data-id=\"64d96ed\" data-element_type=\"widget\" data-widget_type=\"icon-list.default\">\n\t\t\t\t\t\t\t<ul class=\"elementor-icon-list-items\">\n\t\t\t\t\t\t\t<li class=\"elementor-icon-list-item\">\n\t\t\t\t\t\t\t\t\t\t\t<a href=\"mailto:beautifulhairmckinney@gmail.com\">\n\n\t\t\t\t\t\t\t\t\t\t\t\t<span class=\"elementor-icon-list-icon\">\n\t\t\t\t\t\t\t<svg aria-hidden=\"true\" class=\"e-font-icon-svg e-far-envelope\" viewbox=\"0 0 512 512\" xmlns=\"http:\/\/www.w3.org\/2000\/svg\"><path d=\"M464 64H48C21.49 64 0 85.49 0 112v288c0 26.51 21.49 48 48 48h416c26.51 0 48-21.49 48-48V112c0-26.51-21.49-48-48-48zm0 48v40.805c-22.422 18.259-58.168 46.651-134.587 106.49-16.841 13.247-50.201 45.072-73.413 44.701-23.208.375-56.579-31.459-73.413-44.701C106.18 199.465 70.425 171.067 48 152.805V112h416zM48 400V214.398c22.914 18.251 55.409 43.862 104.938 82.646 21.857 17.205 60.134 55.186 103.062 54.955 42.717.231 80.509-37.199 103.053-54.947 49.528-38.783 82.032-64.401 104.947-82.653V400H48z\"><\/path><\/svg>\t\t\t\t\t\t<\/span>\n\t\t\t\t\t\t\t\t\t\t<span class=\"elementor-icon-list-text\">beautifulhairmckinney@gmail.com<\/span>\n\t\t\t\t\t\t\t\t\t\t\t<\/a>\n\t\t\t\t\t\t\t\t\t<\/li>\n\t\t\t\t\t\t<\/ul>\n\t\t\t\t\t\t<\/div>\n\t\t\t\t<\/div>\n\t\t\t\t<\/div>\n\t\t\t\t\t<\/div>\n\t\t\t\t<\/div>\n\t\t<div class=\"elementor-element elementor-element-772a06a e-flex e-con-boxed e-con e-parent\" data-id=\"772a06a\" data-element_type=\"container\" data-settings=\"{&quot;background_background&quot;:&quot;classic&quot;}\">\n\t\t\t\t\t<div class=\"e-con-inner\">\n\t\t<div class=\"elementor-element elementor-element-07882cb e-con-full e-flex e-con e-child\" data-id=\"07882cb\" data-element_type=\"container\">\n\t\t\t\t<div class=\"elementor-element elementor-element-86b20f0 elementor-widget__width-inherit elementor-headline--style-highlight elementor-widget elementor-widget-animated-headline\" data-id=\"86b20f0\" data-element_type=\"widget\" data-settings=\"{&quot;highlighted_text&quot;:&quot;Form&quot;,&quot;headline_style&quot;:&quot;highlight&quot;,&quot;marker&quot;:&quot;circle&quot;,&quot;loop&quot;:&quot;yes&quot;,&quot;highlight_animation_duration&quot;:1200,&quot;highlight_iteration_delay&quot;:8000}\" data-widget_type=\"animated-headline.default\">\n\t\t\t\t\t\t\t<h3 class=\"elementor-headline\">\n\t\t\t\t\t<span class=\"elementor-headline-plain-text elementor-headline-text-wrapper\">Solicitud de empleo <\/span>\n\t\t\t\t<span class=\"elementor-headline-dynamic-wrapper elementor-headline-text-wrapper\">\n\t\t\t\t\t<span class=\"elementor-headline-dynamic-text elementor-headline-text-active\">Formulario<\/span>\n\t\t\t\t<\/span>\n\t\t\t\t<\/h3>\n\t\t\t\t\t\t<\/div>\n\t\t<div class=\"elementor-element elementor-element-d57504b e-con-full e-flex e-con e-child\" data-id=\"d57504b\" data-element_type=\"container\">\n\t\t\t\t<div class=\"elementor-element elementor-element-84bdf2a elementor-button-align-stretch elementor-widget elementor-widget-form\" data-id=\"84bdf2a\" data-element_type=\"widget\" data-settings=\"{&quot;step_next_label&quot;:&quot;Next&quot;,&quot;step_previous_label&quot;:&quot;Previous&quot;,&quot;button_width&quot;:&quot;100&quot;,&quot;step_type&quot;:&quot;number_text&quot;,&quot;step_icon_shape&quot;:&quot;circle&quot;}\" data-widget_type=\"form.default\">\n\t\t\t\t\t\t\t<form class=\"elementor-form\" method=\"post\" name=\"Career Application Form\" aria-label=\"Career Application Form\" action=\"\">\n\t\t\t<input type=\"hidden\" name=\"post_id\" value=\"1008\"\/>\n\t\t\t<input type=\"hidden\" name=\"form_id\" value=\"84bdf2a\"\/>\n\t\t\t<input type=\"hidden\" name=\"referer_title\" value=\"\" \/>\n\n\t\t\t\n\t\t\t<div class=\"elementor-form-fields-wrapper elementor-labels-above\">\n\t\t\t\t\t\t\t\t<div class=\"elementor-field-type-text elementor-field-group elementor-column elementor-field-group-name elementor-col-100 elementor-field-required elementor-mark-required\">\n\t\t\t\t\t\t\t\t\t\t\t\t<label for=\"form-field-name\" class=\"elementor-field-label\">\n\t\t\t\t\t\t\t\tNombre completo\t\t\t\t\t\t\t<\/label>\n\t\t\t\t\t\t\t\t\t\t\t\t\t\t<input size=\"1\" type=\"text\" name=\"form_fields[name]\" id=\"form-field-name\" class=\"elementor-field elementor-size-lg  elementor-field-textual\" placeholder=\"Nombre completo\" required=\"required\">\n\t\t\t\t\t\t\t\t\t\t\t<\/div>\n\t\t\t\t\t\t\t\t<div class=\"elementor-field-type-email elementor-field-group elementor-column elementor-field-group-email elementor-col-50 elementor-field-required elementor-mark-required\">\n\t\t\t\t\t\t\t\t\t\t\t\t<label for=\"form-field-email\" class=\"elementor-field-label\">\n\t\t\t\t\t\t\t\tEmail\t\t\t\t\t\t\t<\/label>\n\t\t\t\t\t\t\t\t\t\t\t\t\t\t<input size=\"1\" type=\"email\" name=\"form_fields[email]\" id=\"form-field-email\" class=\"elementor-field elementor-size-lg  elementor-field-textual\" placeholder=\"Email\" required=\"required\">\n\t\t\t\t\t\t\t\t\t\t\t<\/div>\n\t\t\t\t\t\t\t\t<div class=\"elementor-field-type-tel elementor-field-group elementor-column elementor-field-group-field_3809d85 elementor-col-50 elementor-field-required elementor-mark-required\">\n\t\t\t\t\t\t\t\t\t\t\t\t<label for=\"form-field-field_3809d85\" class=\"elementor-field-label\">\n\t\t\t\t\t\t\t\tN\u00famero de tel\u00e9fono\t\t\t\t\t\t\t<\/label>\n\t\t\t\t\t\t\t\t<input size=\"1\" type=\"tel\" name=\"form_fields[field_3809d85]\" id=\"form-field-field_3809d85\" class=\"elementor-field elementor-size-lg  elementor-field-textual\" placeholder=\"N\u00famero de tel\u00e9fono\" required=\"required\" pattern=\"[0-9()#&amp;+*-=.]+\" title=\"Only numbers and phone characters (#, -, *, etc) are accepted.\">\n\n\t\t\t\t\t\t<\/div>\n\t\t\t\t\t\t\t\t<div class=\"elementor-field-type-text elementor-field-group elementor-column elementor-field-group-field_78a3028 elementor-col-50 elementor-field-required elementor-mark-required\">\n\t\t\t\t\t\t\t\t\t\t\t\t<label for=\"form-field-field_78a3028\" class=\"elementor-field-label\">\n\t\t\t\t\t\t\t\tNombre de usuario de Instagram\t\t\t\t\t\t\t<\/label>\n\t\t\t\t\t\t\t\t\t\t\t\t\t\t<input size=\"1\" type=\"text\" name=\"form_fields[field_78a3028]\" id=\"form-field-field_78a3028\" class=\"elementor-field elementor-size-lg  elementor-field-textual\" placeholder=\"Nombre de usuario de Instagram\" required=\"required\">\n\t\t\t\t\t\t\t\t\t\t\t<\/div>\n\t\t\t\t\t\t\t\t<div class=\"elementor-field-type-text elementor-field-group elementor-column elementor-field-group-field_9bf685b elementor-col-50 elementor-field-required elementor-mark-required\">\n\t\t\t\t\t\t\t\t\t\t\t\t<label for=\"form-field-field_9bf685b\" class=\"elementor-field-label\">\n\t\t\t\t\t\t\t\t A\u00f1os de experiencia\t\t\t\t\t\t\t<\/label>\n\t\t\t\t\t\t\t\t\t\t\t\t\t\t<input size=\"1\" type=\"text\" name=\"form_fields[field_9bf685b]\" id=\"form-field-field_9bf685b\" class=\"elementor-field elementor-size-lg  elementor-field-textual\" placeholder=\" A\u00f1os de experiencia\" required=\"required\">\n\t\t\t\t\t\t\t\t\t\t\t<\/div>\n\t\t\t\t\t\t\t\t<div class=\"elementor-field-type-text elementor-field-group elementor-column elementor-field-group-field_e272920 elementor-col-100 elementor-field-required elementor-mark-required\">\n\t\t\t\t\t\t\t\t\t\t\t\t<label for=\"form-field-field_e272920\" class=\"elementor-field-label\">\n\t\t\t\t\t\t\t\tPuesto que solicita\t\t\t\t\t\t\t<\/label>\n\t\t\t\t\t\t\t\t\t\t\t\t\t\t<input size=\"1\" type=\"text\" name=\"form_fields[field_e272920]\" id=\"form-field-field_e272920\" class=\"elementor-field elementor-size-lg  elementor-field-textual\" placeholder=\"Estilista, asistente, recepcionista, etc.\" required=\"required\">\n\t\t\t\t\t\t\t\t\t\t\t<\/div>\n\t\t\t\t\t\t\t\t<div class=\"elementor-field-type-textarea elementor-field-group elementor-column elementor-field-group-message elementor-col-100 elementor-field-required elementor-mark-required\">\n\t\t\t\t\t\t\t\t\t\t\t\t<label for=\"form-field-message\" class=\"elementor-field-label\">\n\t\t\t\t\t\t\t\tAcerca de ti\t\t\t\t\t\t\t<\/label>\n\t\t\t\t\t\t<textarea class=\"elementor-field-textual elementor-field  elementor-size-lg\" name=\"form_fields[message]\" id=\"form-field-message\" rows=\"4\" placeholder=\"Cu\u00e9ntanos un poco sobre tu trayectoria y qu\u00e9 te inspira en la industria de la belleza.\" required=\"required\"><\/textarea>\t\t\t\t<\/div>\n\t\t\t\t\t\t\t\t<div class=\"elementor-field-group elementor-column elementor-field-type-submit elementor-col-100 e-form__buttons\">\n\t\t\t\t\t<button class=\"elementor-button elementor-size-lg\" type=\"submit\">\n\t\t\t\t\t\t<span class=\"elementor-button-content-wrapper\">\n\t\t\t\t\t\t\t\t\t\t\t\t\t\t\t\t\t\t\t\t\t\t<span class=\"elementor-button-text\">Enviar<\/span>\n\t\t\t\t\t\t\t\t\t\t\t\t\t<\/span>\n\t\t\t\t\t<\/button>\n\t\t\t\t<\/div>\n\t\t\t<\/div>\n\t\t<input type=\"hidden\" name=\"trp-form-language\" value=\"es\"\/><\/form>\n\t\t\t\t\t\t<\/div>\n\t\t\t\t<\/div>\n\t\t\t\t<\/div>\n\t\t\t\t\t<\/div>\n\t\t\t\t<\/div>\n\t\t\t\t<\/div>","protected":false},"excerpt":{"rendered":"<p>Careers Ready to Join the Beautiful Hair McKinney Team ? We\u2019re always looking for talented, passionate professionals to join our growing team. If you\u2019re dedicated to great service, creativity, and helping clients look and feel their best, we\u2019d love to hear from you! Please complete the form below and email your resume to: beautifulhairmckinney@gmail.com Career [&hellip;]<\/p>","protected":false},"author":1,"featured_media":1011,"parent":0,"menu_order":0,"comment_status":"closed","ping_status":"closed","template":"","meta":{"footnotes":""},"class_list":["post-1008","page","type-page","status-publish","has-post-thumbnail","hentry"],"_links":{"self":[{"href":"https:\/\/beautifulhairmckinney.com\/es\/wp-json\/wp\/v2\/pages\/1008","targetHints":{"allow":["GET"]}}],"collection":[{"href":"https:\/\/beautifulhairmckinney.com\/es\/wp-json\/wp\/v2\/pages"}],"about":[{"href":"https:\/\/beautifulhairmckinney.com\/es\/wp-json\/wp\/v2\/types\/page"}],"author":[{"embeddable":true,"href":"https:\/\/beautifulhairmckinney.com\/es\/wp-json\/wp\/v2\/users\/1"}],"replies":[{"embeddable":true,"href":"https:\/\/beautifulhairmckinney.com\/es\/wp-json\/wp\/v2\/comments?post=1008"}],"version-history":[{"count":0,"href":"https:\/\/beautifulhairmckinney.com\/es\/wp-json\/wp\/v2\/pages\/1008\/revisions"}],"wp:featuredmedia":[{"embeddable":true,"href":"https:\/\/beautifulhairmckinney.com\/es\/wp-json\/wp\/v2\/media\/1011"}],"wp:attachment":[{"href":"https:\/\/beautifulhairmckinney.com\/es\/wp-json\/wp\/v2\/media?parent=1008"}],"curies":[{"name":"wp","href":"https:\/\/api.w.org\/{rel}","templated":true}]}}